{"id":3209,"date":"2019-11-13T11:53:00","date_gmt":"2019-11-13T10:53:00","guid":{"rendered":"https:\/\/www.westzipfelregion.de\/verein\/?page_id=3209"},"modified":"2021-10-30T07:49:49","modified_gmt":"2021-10-30T05:49:49","slug":"regionalbudget","status":"publish","type":"page","link":"https:\/\/www.westzipfelregion.de\/verein\/regionalbudget\/","title":{"rendered":"Regionalbudget"},"content":{"rendered":"\t\t<div data-elementor-type=\"wp-post\" data-elementor-id=\"3209\" class=\"elementor elementor-3209\" data-elementor-settings=\"[]\">\n\t\t\t\t\t\t<div class=\"elementor-inner\">\n\t\t\t\t\t\t\t<div class=\"elementor-section-wrap\">\n\t\t\t\t\t\t\t<section class=\"elementor-section elementor-top-section elementor-element elementor-element-efa3c3c elementor-section-boxed elementor-section-height-default elementor-section-height-default\" data-id=\"efa3c3c\" data-element_type=\"section\">\n\t\t\t\t\t\t<div class=\"elementor-container elementor-column-gap-default\">\n\t\t\t\t\t\t\t<div class=\"elementor-row\">\n\t\t\t\t\t<div class=\"elementor-column elementor-col-66 elementor-top-column elementor-element elementor-element-1c82113\" data-id=\"1c82113\" data-element_type=\"column\">\n\t\t\t<div class=\"elementor-column-wrap elementor-element-populated\">\n\t\t\t\t\t\t\t<div class=\"elementor-widget-wrap\">\n\t\t\t\t\t\t<div class=\"elementor-element elementor-element-dd18105 elementor-widget elementor-widget-heading\" data-id=\"dd18105\" data-element_type=\"widget\" data-widget_type=\"heading.default\">\n\t\t\t\t<div class=\"elementor-widget-container\">\n\t\t\t<h2 class=\"elementor-heading-title elementor-size-default\">REGIONALBUDGET<\/h2>\t\t<\/div>\n\t\t\t\t<\/div>\n\t\t\t\t<div class=\"elementor-element elementor-element-925df06 elementor-widget elementor-widget-text-editor\" data-id=\"925df06\" data-element_type=\"widget\" data-widget_type=\"text-editor.default\">\n\t\t\t\t<div class=\"elementor-widget-container\">\n\t\t\t\t\t\t\t\t<div class=\"elementor-text-editor elementor-clearfix\">\n\t\t\t\t<p><!-- [if gte mso 9]&gt;--><\/p><p><!-- [if gte mso 9]&gt;--><\/p><p><!-- [if gte mso 9]&gt;--><\/p><p><!-- [if gte mso 10]&gt;--><\/p><p class=\"MsoNormal\">Das F\u00f6rderprogramm \u201eRegionalbudget\u201c wird seit dem Jahr 2020 in der Westzipfelregion umgesetzt. Dadurch stehen der Region j\u00e4hrlich bis zu 200.000\u20ac an F\u00f6rdermitteln zur Verf\u00fcgung. Der H\u00f6chstsatz der F\u00f6rderungen \u00fcber das Regionalbudget betr\u00e4gt 80% der f\u00f6rderf\u00e4higen Gesamtinvestitionskosten.<\/p>\t\t\t\t\t<\/div>\n\t\t\t\t\t\t<\/div>\n\t\t\t\t<\/div>\n\t\t\t\t<div class=\"elementor-element elementor-element-d87271e elementor-widget elementor-widget-text-editor\" data-id=\"d87271e\" data-element_type=\"widget\" data-widget_type=\"text-editor.default\">\n\t\t\t\t<div class=\"elementor-widget-container\">\n\t\t\t\t\t\t\t\t<div class=\"elementor-text-editor elementor-clearfix\">\n\t\t\t\t<p><!-- [if gte mso 9]&gt;--><\/p><p><!-- [if gte mso 9]&gt;--><\/p><p><!-- [if gte mso 9]&gt;--><\/p><p><!-- [if gte mso 10]&gt;--><\/p><p>Die Voraussetzungen f\u00fcr eine Projektf\u00f6rderung \u00fcber das Regionalbudget sind:<\/p><p><strong>Das Projekt&#8230;<\/strong><\/p><ul><li>&#8230; hat einen positiven Einfluss auf die <a href=\"https:\/\/www.westzipfelregion.de\/verein\/assets\/sites\/3\/2021\/10\/Fortschreibung-RES-Stand-2020.pdf\">Regionale Entwicklungssstrateg<\/a>ie der Westzipfelregion.<\/li><li>&#8230; muss im im Jahr der Beantragung umgesetzt werden.<\/li><li>&#8230; entspricht den <a href=\"https:\/\/www.westzipfelregion.de\/verein\/assets\/sites\/3\/2021\/07\/Richtlinie-Strukturentwicklung-Stand-11.12.2020.pdf\">&#8222;Richtlinien \u00fcber die Gew\u00e4hrung von Zuwendungen zur F\u00f6rderung der Strukturentwicklung des l\u00e4ndlichen Raums&#8220;<\/a> sowie dem <a href=\"https:\/\/www.westzipfelregion.de\/verein\/assets\/sites\/3\/2021\/07\/GAK-Rahmenplan-2020-2023-F\u00f6rderbereich-Integrierte-l\u00e4ndliche-Entwicklung.pdf\">&#8222;GAK-Rahmenplan&#8220;<\/a> (F\u00f6rderbereich Integrierte l\u00e4ndliche Entwicklung\u201c, Ma\u00dfnahmen 2.0 sowie 4.0 bis 9.0)<\/li><\/ul><p class=\"MsoNormal\">Insbesondere investive Vorhaben und Ma\u00dfnahmen aus der Dorfentwicklung sind f\u00fcr dieses F\u00f6rderprogramm geeignet. <span class=\"d2edcug0 hpfvmrgz qv66sw1b c1et5uql lr9zc1uh a8c37x1j keod5gw0 nxhoafnm aigsh9s9 d3f4x2em fe6kdd0r mau55g9w c8b282yb iv3no6db jq4qci2q a3bd9o3v knj5qynh oo9gr5id hzawbc8m\" dir=\"auto\">Projektinhalt eines Kleinprojekts k\u00f6nnten u. a. die Gestaltung und Ausstattung von Pl\u00e4tzen oder Fl\u00e4chen, der Ausbau und die Ausstattung von Gemeinschaftseinrichtungen, die Verbesserung und der Ausbau von Freizeit- und Naherholungseinrichtungen sowie die St\u00e4rkung von Infrastrukturma\u00dfnahmen im Tourismus, die Verbesserung des kulturellen Angebots oder von Natur und Umwelt, Beschilderungen und Infotafeln etc., sein.<\/span><\/p><p><strong>Die Unterst\u00fctzung erfolgt auf Basis bereits geleisteter Ausgaben (Erstattungsprinzip).<\/strong><\/p>\t\t\t\t\t<\/div>\n\t\t\t\t\t\t<\/div>\n\t\t\t\t<\/div>\n\t\t\t\t<div class=\"elementor-element elementor-element-a3cbdc8 elementor-widget elementor-widget-spacer\" data-id=\"a3cbdc8\" data-element_type=\"widget\" data-widget_type=\"spacer.default\">\n\t\t\t\t<div class=\"elementor-widget-container\">\n\t\t\t\t\t<div class=\"elementor-spacer\">\n\t\t\t<div class=\"elementor-spacer-inner\"><\/div>\n\t\t<\/div>\n\t\t\t\t<\/div>\n\t\t\t\t<\/div>\n\t\t\t\t<div class=\"elementor-element elementor-element-b5eccae elementor-widget elementor-widget-heading\" data-id=\"b5eccae\" data-element_type=\"widget\" data-widget_type=\"heading.default\">\n\t\t\t\t<div class=\"elementor-widget-container\">\n\t\t\t<h2 class=\"elementor-heading-title elementor-size-medium\">Handlungsfelder<\/h2>\t\t<\/div>\n\t\t\t\t<\/div>\n\t\t\t\t<section class=\"elementor-section elementor-inner-section elementor-element elementor-element-a232184 elementor-section-boxed elementor-section-height-default elementor-section-height-default\" data-id=\"a232184\" data-element_type=\"section\">\n\t\t\t\t\t\t<div class=\"elementor-container elementor-column-gap-default\">\n\t\t\t\t\t\t\t<div class=\"elementor-row\">\n\t\t\t\t\t<div class=\"elementor-column elementor-col-33 elementor-inner-column elementor-element elementor-element-0134242\" data-id=\"0134242\" data-element_type=\"column\">\n\t\t\t<div class=\"elementor-column-wrap elementor-element-populated\">\n\t\t\t\t\t\t\t<div class=\"elementor-widget-wrap\">\n\t\t\t\t\t\t<div class=\"elementor-element elementor-element-fd91bcb elementor-widget elementor-widget-heading\" data-id=\"fd91bcb\" data-element_type=\"widget\" data-widget_type=\"heading.default\">\n\t\t\t\t<div class=\"elementor-widget-container\">\n\t\t\t<h6 class=\"elementor-heading-title elementor-size-medium\">Regionale Entwicklung &amp; Nahversorgung<\/h6>\t\t<\/div>\n\t\t\t\t<\/div>\n\t\t\t\t<div class=\"elementor-element elementor-element-ed19422 elementor-widget elementor-widget-image\" data-id=\"ed19422\" data-element_type=\"widget\" data-widget_type=\"image.default\">\n\t\t\t\t<div class=\"elementor-widget-container\">\n\t\t\t\t\t\t\t\t<div class=\"elementor-image\">\n\t\t\t\t\t\t\t\t\t\t\t\t<img width=\"300\" height=\"168\" src=\"https:\/\/www.westzipfelregion.de\/verein\/assets\/sites\/3\/2019\/01\/regionale-entwicklung-300x168.png\" class=\"attachment-medium size-medium\" alt=\"\" loading=\"lazy\" srcset=\"https:\/\/www.westzipfelregion.de\/verein\/assets\/sites\/3\/2019\/01\/regionale-entwicklung-300x168.png 300w, https:\/\/www.westzipfelregion.de\/verein\/assets\/sites\/3\/2019\/01\/regionale-entwicklung-20x11.png 20w, https:\/\/www.westzipfelregion.de\/verein\/assets\/sites\/3\/2019\/01\/regionale-entwicklung.png 479w\" sizes=\"(max-width: 300px) 100vw, 300px\" \/>\t\t\t\t\t\t\t\t\t\t\t\t\t\t<\/div>\n\t\t\t\t\t\t<\/div>\n\t\t\t\t<\/div>\n\t\t\t\t<div class=\"elementor-element elementor-element-aa5f937 elementor-widget elementor-widget-text-editor\" data-id=\"aa5f937\" data-element_type=\"widget\" data-widget_type=\"text-editor.default\">\n\t\t\t\t<div class=\"elementor-widget-container\">\n\t\t\t\t\t\t\t\t<div class=\"elementor-text-editor elementor-clearfix\">\n\t\t\t\t<p>Ziele:<\/p><ul><li><span style=\"font-size: 16px\">Landschaftliche Qualit\u00e4ten weiterentwickeln<\/span><\/li><li>Wertvolle Geb\u00e4ude erhalten und zum Erlebnis machen<\/li><li>Erneuerbare Energien nutzen<\/li><li>Einen Wiedererkennungswert entwickeln<\/li><li>M\u00f6glichkeiten der Nahversorgung erhalten und ausbauen<\/li><\/ul>\t\t\t\t\t<\/div>\n\t\t\t\t\t\t<\/div>\n\t\t\t\t<\/div>\n\t\t\t\t\t\t<\/div>\n\t\t\t\t\t<\/div>\n\t\t<\/div>\n\t\t\t\t<div class=\"elementor-column elementor-col-33 elementor-inner-column elementor-element elementor-element-5dc9363\" data-id=\"5dc9363\" data-element_type=\"column\">\n\t\t\t<div class=\"elementor-column-wrap elementor-element-populated\">\n\t\t\t\t\t\t\t<div class=\"elementor-widget-wrap\">\n\t\t\t\t\t\t<div class=\"elementor-element elementor-element-f068fe0 elementor-widget elementor-widget-heading\" data-id=\"f068fe0\" data-element_type=\"widget\" data-widget_type=\"heading.default\">\n\t\t\t\t<div class=\"elementor-widget-container\">\n\t\t\t<h6 class=\"elementor-heading-title elementor-size-medium\">Tourismus &amp; Naherholung<\/h6>\t\t<\/div>\n\t\t\t\t<\/div>\n\t\t\t\t<div class=\"elementor-element elementor-element-6ad4419 elementor-widget elementor-widget-spacer\" data-id=\"6ad4419\" data-element_type=\"widget\" data-widget_type=\"spacer.default\">\n\t\t\t\t<div class=\"elementor-widget-container\">\n\t\t\t\t\t<div class=\"elementor-spacer\">\n\t\t\t<div class=\"elementor-spacer-inner\"><\/div>\n\t\t<\/div>\n\t\t\t\t<\/div>\n\t\t\t\t<\/div>\n\t\t\t\t<div class=\"elementor-element elementor-element-dc2dd0e elementor-widget elementor-widget-image\" data-id=\"dc2dd0e\" data-element_type=\"widget\" data-widget_type=\"image.default\">\n\t\t\t\t<div class=\"elementor-widget-container\">\n\t\t\t\t\t\t\t\t<div class=\"elementor-image\">\n\t\t\t\t\t\t\t\t\t\t\t\t<img src=\"https:\/\/www.westzipfelregion.de\/verein\/assets\/sites\/3\/elementor\/thumbs\/tourismus-o1ta5902ccwv5lebc52se39bzcyhmz70jnqmxqwpzk.png\" title=\"tourismus\" alt=\"tourismus\" \/>\t\t\t\t\t\t\t\t\t\t\t\t\t\t<\/div>\n\t\t\t\t\t\t<\/div>\n\t\t\t\t<\/div>\n\t\t\t\t<div class=\"elementor-element elementor-element-2388d21 elementor-widget elementor-widget-text-editor\" data-id=\"2388d21\" data-element_type=\"widget\" data-widget_type=\"text-editor.default\">\n\t\t\t\t<div class=\"elementor-widget-container\">\n\t\t\t\t\t\t\t\t<div class=\"elementor-text-editor elementor-clearfix\">\n\t\t\t\t<p>Ziele:<\/p><ul><li>Zur radtouristischen Vorbildregion werden<\/li><li>Landgenuss und Qualit\u00e4t f\u00fcr G\u00e4ste entwickeln<\/li><li>Besonderheiten zum Erlebnis machen<\/li><li>Effizient kommunizieren und in Erinnerung bleiben<\/li><li>Touristische Organisationsarbeiten teilen und vernetzen<\/li><\/ul>\t\t\t\t\t<\/div>\n\t\t\t\t\t\t<\/div>\n\t\t\t\t<\/div>\n\t\t\t\t\t\t<\/div>\n\t\t\t\t\t<\/div>\n\t\t<\/div>\n\t\t\t\t<div class=\"elementor-column elementor-col-33 elementor-inner-column elementor-element elementor-element-ff2dca0\" data-id=\"ff2dca0\" data-element_type=\"column\">\n\t\t\t<div class=\"elementor-column-wrap elementor-element-populated\">\n\t\t\t\t\t\t\t<div class=\"elementor-widget-wrap\">\n\t\t\t\t\t\t<div class=\"elementor-element elementor-element-da844e0 elementor-widget elementor-widget-heading\" data-id=\"da844e0\" data-element_type=\"widget\" data-widget_type=\"heading.default\">\n\t\t\t\t<div class=\"elementor-widget-container\">\n\t\t\t<h6 class=\"elementor-heading-title elementor-size-default\">Demografischer Wandel, Mobilit\u00e4t &amp; Integration<\/h6>\t\t<\/div>\n\t\t\t\t<\/div>\n\t\t\t\t<div class=\"elementor-element elementor-element-f9e56bb elementor-widget elementor-widget-image\" data-id=\"f9e56bb\" data-element_type=\"widget\" data-widget_type=\"image.default\">\n\t\t\t\t<div class=\"elementor-widget-container\">\n\t\t\t\t\t\t\t\t<div class=\"elementor-image\">\n\t\t\t\t\t\t\t\t\t\t\t\t<img src=\"https:\/\/www.westzipfelregion.de\/verein\/assets\/sites\/3\/elementor\/thumbs\/demografischer-wandel-o1ta5jcafjb141bs5abj82604h40eyrvwjtqgg7ov8.png\" title=\"demografischer wandel\" alt=\"demografischer wandel\" \/>\t\t\t\t\t\t\t\t\t\t\t\t\t\t<\/div>\n\t\t\t\t\t\t<\/div>\n\t\t\t\t<\/div>\n\t\t\t\t<div class=\"elementor-element elementor-element-56e152e elementor-widget elementor-widget-text-editor\" data-id=\"56e152e\" data-element_type=\"widget\" data-widget_type=\"text-editor.default\">\n\t\t\t\t<div class=\"elementor-widget-container\">\n\t\t\t\t\t\t\t\t<div class=\"elementor-text-editor elementor-clearfix\">\n\t\t\t\t<p>Ziele:<\/p><ul><li>Alle Bev\u00f6lkerungsteile integrieren<\/li><li>Die Jugend auf die Zukunft vorbereiten<\/li><li>Mobil sein bis in das hohes Alter<\/li><li>Miteinander arbeiten und die Region st\u00e4rken<\/li><li>Regionale Identifikation und Verantwortungsbewusst-sein st\u00e4rken<\/li><\/ul>\t\t\t\t\t<\/div>\n\t\t\t\t\t\t<\/div>\n\t\t\t\t<\/div>\n\t\t\t\t\t\t<\/div>\n\t\t\t\t\t<\/div>\n\t\t<\/div>\n\t\t\t\t\t\t\t\t<\/div>\n\t\t\t\t\t<\/div>\n\t\t<\/section>\n\t\t\t\t<div class=\"elementor-element elementor-element-c415c7b elementor-widget elementor-widget-spacer\" data-id=\"c415c7b\" data-element_type=\"widget\" data-widget_type=\"spacer.default\">\n\t\t\t\t<div class=\"elementor-widget-container\">\n\t\t\t\t\t<div class=\"elementor-spacer\">\n\t\t\t<div class=\"elementor-spacer-inner\"><\/div>\n\t\t<\/div>\n\t\t\t\t<\/div>\n\t\t\t\t<\/div>\n\t\t\t\t<div class=\"elementor-element elementor-element-569fa94 elementor-align-center elementor-widget elementor-widget-button\" data-id=\"569fa94\" data-element_type=\"widget\" data-widget_type=\"button.default\">\n\t\t\t\t<div class=\"elementor-widget-container\">\n\t\t\t\t\t<div class=\"elementor-button-wrapper\">\n\t\t\t<a href=\"https:\/\/www.westzipfelregion.de\/verein\/regionalbudget\/projektantragsverfahren\/\" class=\"elementor-button-link elementor-button elementor-size-md\" role=\"button\">\n\t\t\t\t\t\t<span class=\"elementor-button-content-wrapper\">\n\t\t\t\t\t\t<span class=\"elementor-button-icon elementor-align-icon-right\">\n\t\t\t\t\t\t\t\t\t<i class=\"fa fa-long-arrow-right\" aria-hidden=\"true\"><\/i>\n\t\t\t\t\t\t\t<\/span>\n\t\t\t\t\t\t<span class=\"elementor-button-text\">Zum Projektantragsverfahren<\/span>\n\t\t<\/span>\n\t\t\t\t\t<\/a>\n\t\t<\/div>\n\t\t\t\t<\/div>\n\t\t\t\t<\/div>\n\t\t\t\t\t\t<\/div>\n\t\t\t\t\t<\/div>\n\t\t<\/div>\n\t\t\t\t<div class=\"elementor-column elementor-col-33 elementor-top-column elementor-element elementor-element-dee5605\" data-id=\"dee5605\" data-element_type=\"column\">\n\t\t\t<div class=\"elementor-column-wrap\">\n\t\t\t\t\t\t\t<div class=\"elementor-widget-wrap\">\n\t\t\t\t\t\t\t\t<\/div>\n\t\t\t\t\t<\/div>\n\t\t<\/div>\n\t\t\t\t\t\t\t\t<\/div>\n\t\t\t\t\t<\/div>\n\t\t<\/section>\n\t\t\t\t\t\t<\/div>\n\t\t\t\t\t\t<\/div>\n\t\t\t\t\t<\/div>\n\t\t","protected":false},"excerpt":{"rendered":"<p>REGIONALBUDGET Das F\u00f6rderprogramm \u201eRegionalbudget\u201c wird seit dem Jahr 2020 in der Westzipfelregion umgesetzt. Dadurch stehen der Region j\u00e4hrlich bis zu 200.000\u20ac an F\u00f6rdermitteln zur Verf\u00fcgung. Der H\u00f6chstsatz der F\u00f6rderungen \u00fcber das Regionalbudget betr\u00e4gt 80% der f\u00f6rderf\u00e4higen Gesamtinvestitionskosten. Die Voraussetzungen f\u00fcr eine Projektf\u00f6rderung \u00fcber das Regionalbudget sind: Das Projekt&#8230; &#8230; hat einen positiven Einfluss auf die &hellip;<\/p>\n<p class=\"read-more\"> <a class=\"\" href=\"https:\/\/www.westzipfelregion.de\/verein\/regionalbudget\/\"> <span class=\"screen-reader-text\">Regionalbudget<\/span> Weiterlesen &raquo;<\/a><\/p>\n","protected":false},"author":3,"featured_media":0,"parent":0,"menu_order":0,"comment_status":"closed","ping_status":"closed","template":"","meta":{"site-sidebar-layout":"no-sidebar","site-content-layout":"page-builder","ast-main-header-display":"","ast-hfb-above-header-display":"","ast-hfb-mobile-header-display":"","site-post-title":"disabled","ast-breadcrumbs-content":"","ast-featured-img":"disabled","footer-sml-layout":"","theme-transparent-header-meta":"default","adv-header-id-meta":"","stick-header-meta":"","header-above-stick-meta":"","header-main-stick-meta":"","header-below-stick-meta":""},"_links":{"self":[{"href":"https:\/\/www.westzipfelregion.de\/verein\/wp-json\/wp\/v2\/pages\/3209"}],"collection":[{"href":"https:\/\/www.westzipfelregion.de\/verein\/wp-json\/wp\/v2\/pages"}],"about":[{"href":"https:\/\/www.westzipfelregion.de\/verein\/wp-json\/wp\/v2\/types\/page"}],"author":[{"embeddable":true,"href":"https:\/\/www.westzipfelregion.de\/verein\/wp-json\/wp\/v2\/users\/3"}],"replies":[{"embeddable":true,"href":"https:\/\/www.westzipfelregion.de\/verein\/wp-json\/wp\/v2\/comments?post=3209"}],"version-history":[{"count":60,"href":"https:\/\/www.westzipfelregion.de\/verein\/wp-json\/wp\/v2\/pages\/3209\/revisions"}],"predecessor-version":[{"id":4848,"href":"https:\/\/www.westzipfelregion.de\/verein\/wp-json\/wp\/v2\/pages\/3209\/revisions\/4848"}],"wp:attachment":[{"href":"https:\/\/www.westzipfelregion.de\/verein\/wp-json\/wp\/v2\/media?parent=3209"}],"curies":[{"name":"wp","href":"https:\/\/api.w.org\/{rel}","templated":true}]}}