{"id":2084,"date":"2019-01-10T12:46:06","date_gmt":"2019-01-10T11:46:06","guid":{"rendered":"https:\/\/www.westzipfelregion.de\/verein\/?page_id=2084"},"modified":"2021-07-08T17:55:36","modified_gmt":"2021-07-08T15:55:36","slug":"bewilligte-projekte","status":"publish","type":"page","link":"https:\/\/www.westzipfelregion.de\/verein\/projekte\/bewilligte-projekte\/","title":{"rendered":"Bewilligte Projekte"},"content":{"rendered":"\t\t<div data-elementor-type=\"wp-post\" data-elementor-id=\"2084\" class=\"elementor elementor-2084 elementor-bc-flex-widget\" data-elementor-settings=\"[]\">\n\t\t\t\t\t\t<div class=\"elementor-inner\">\n\t\t\t\t\t\t\t<div class=\"elementor-section-wrap\">\n\t\t\t\t\t\t\t<section class=\"elementor-section elementor-top-section elementor-element elementor-element-a7773ad elementor-section-boxed elementor-section-height-default elementor-section-height-default\" data-id=\"a7773ad\" data-element_type=\"section\">\n\t\t\t\t\t\t<div class=\"elementor-container elementor-column-gap-default\">\n\t\t\t\t\t\t\t<div class=\"elementor-row\">\n\t\t\t\t\t<div class=\"elementor-column elementor-col-100 elementor-top-column elementor-element elementor-element-3538854\" data-id=\"3538854\" data-element_type=\"column\">\n\t\t\t<div class=\"elementor-column-wrap elementor-element-populated\">\n\t\t\t\t\t\t\t<div class=\"elementor-widget-wrap\">\n\t\t\t\t\t\t<div class=\"elementor-element elementor-element-f0cc7d8 elementor-widget elementor-widget-spacer\" data-id=\"f0cc7d8\" data-element_type=\"widget\" data-widget_type=\"spacer.default\">\n\t\t\t\t<div class=\"elementor-widget-container\">\n\t\t\t\t\t<div class=\"elementor-spacer\">\n\t\t\t<div class=\"elementor-spacer-inner\"><\/div>\n\t\t<\/div>\n\t\t\t\t<\/div>\n\t\t\t\t<\/div>\n\t\t\t\t<div class=\"elementor-element elementor-element-24e8287 elementor-grid-4 elementor-grid-tablet-2 elementor-grid-mobile-1 elementor-posts--thumbnail-top elementor-widget elementor-widget-posts\" data-id=\"24e8287\" data-element_type=\"widget\" data-settings=\"{&quot;classic_columns&quot;:&quot;4&quot;,&quot;classic_columns_tablet&quot;:&quot;2&quot;,&quot;classic_columns_mobile&quot;:&quot;1&quot;,&quot;classic_row_gap&quot;:{&quot;unit&quot;:&quot;px&quot;,&quot;size&quot;:35,&quot;sizes&quot;:[]}}\" data-widget_type=\"posts.classic\">\n\t\t\t\t<div class=\"elementor-widget-container\">\n\t\t\t\t\t<div class=\"elementor-posts-container elementor-posts elementor-posts--skin-classic elementor-grid\">\n\t\t\t\t<article class=\"elementor-post elementor-grid-item post-4165 post type-post status-publish format-standard has-post-thumbnail hentry category-vital-nrw\">\n\t\t\t\t<a class=\"elementor-post__thumbnail__link\" href=\"https:\/\/www.westzipfelregion.de\/verein\/2021\/04\/09\/behindertengerechte-toilette-mit-aufenthaltsraum\/\" >\n\t\t\t<div class=\"elementor-post__thumbnail\"><img width=\"300\" height=\"225\" src=\"https:\/\/www.westzipfelregion.de\/verein\/assets\/sites\/3\/2020\/01\/Toilette-3-300x225.jpg\" class=\"attachment-medium size-medium\" alt=\"\" loading=\"lazy\" srcset=\"https:\/\/www.westzipfelregion.de\/verein\/assets\/sites\/3\/2020\/01\/Toilette-3-300x225.jpg 300w, https:\/\/www.westzipfelregion.de\/verein\/assets\/sites\/3\/2020\/01\/Toilette-3-20x15.jpg 20w, https:\/\/www.westzipfelregion.de\/verein\/assets\/sites\/3\/2020\/01\/Toilette-3.jpg 720w\" sizes=\"(max-width: 300px) 100vw, 300px\" \/><\/div>\n\t\t<\/a>\n\t\t\t\t<div class=\"elementor-post__text\">\n\t\t\t\t<h3 class=\"elementor-post__title\">\n\t\t\t<a href=\"https:\/\/www.westzipfelregion.de\/verein\/2021\/04\/09\/behindertengerechte-toilette-mit-aufenthaltsraum\/\" >\n\t\t\t\tBehindertengerechte Toilette mit Aufenthaltsraum\t\t\t<\/a>\n\t\t<\/h3>\n\t\t\t\t<div class=\"elementor-post__meta-data\">\n\t\t\t\t\t<span class=\"elementor-post-date\">\n\t\t\t9. April 2021\t\t<\/span>\n\t\t\t\t<span class=\"elementor-post-avatar\">\n\t\t\tEin Kommentar\t\t<\/span>\n\t\t\t\t<\/div>\n\t\t\t\t<div class=\"elementor-post__excerpt\">\n\t\t\t<p>VITAL.NRW Handlungsfeld: Demographischer Wandel, Mobilit\u00e4t &amp; Integration Arbeitsgruppe: Der Westen verbindet Projekttr\u00e4ger: Spiel(T)r\u00e4ume Birgden e.V. Projektidee: Mithilfe des F\u00f6rderprogramms LEADER wurde w\u00e4hrend der Periode von<\/p>\n\t\t<\/div>\n\t\t\t\t\t<a class=\"elementor-post__read-more\" href=\"https:\/\/www.westzipfelregion.de\/verein\/2021\/04\/09\/behindertengerechte-toilette-mit-aufenthaltsraum\/\" >\n\t\t\t\tWeiterlesen \u00bb\t\t\t<\/a>\n\t\t\t\t<\/div>\n\t\t\t\t<\/article>\n\t\t\t\t<article class=\"elementor-post elementor-grid-item post-4162 post type-post status-publish format-standard has-post-thumbnail hentry category-vital-nrw\">\n\t\t\t\t<a class=\"elementor-post__thumbnail__link\" href=\"https:\/\/www.westzipfelregion.de\/verein\/2021\/04\/09\/gangelt-erkunden-eine-stadtfuehrerin-erzaehlt\/\" >\n\t\t\t<div class=\"elementor-post__thumbnail\"><img width=\"300\" height=\"225\" src=\"https:\/\/www.westzipfelregion.de\/verein\/assets\/sites\/3\/2021\/04\/Gangelt-erkunden-eine-Stadtf\u00fchrerin-erz\u00e4hlt-3-300x225.png\" class=\"attachment-medium size-medium\" alt=\"\" loading=\"lazy\" srcset=\"https:\/\/www.westzipfelregion.de\/verein\/assets\/sites\/3\/2021\/04\/Gangelt-erkunden-eine-Stadtf\u00fchrerin-erz\u00e4hlt-3-300x225.png 300w, https:\/\/www.westzipfelregion.de\/verein\/assets\/sites\/3\/2021\/04\/Gangelt-erkunden-eine-Stadtf\u00fchrerin-erz\u00e4hlt-3-768x576.png 768w, https:\/\/www.westzipfelregion.de\/verein\/assets\/sites\/3\/2021\/04\/Gangelt-erkunden-eine-Stadtf\u00fchrerin-erz\u00e4hlt-3-1024x768.png 1024w, https:\/\/www.westzipfelregion.de\/verein\/assets\/sites\/3\/2021\/04\/Gangelt-erkunden-eine-Stadtf\u00fchrerin-erz\u00e4hlt-3.png 1500w\" sizes=\"(max-width: 300px) 100vw, 300px\" \/><\/div>\n\t\t<\/a>\n\t\t\t\t<div class=\"elementor-post__text\">\n\t\t\t\t<h3 class=\"elementor-post__title\">\n\t\t\t<a href=\"https:\/\/www.westzipfelregion.de\/verein\/2021\/04\/09\/gangelt-erkunden-eine-stadtfuehrerin-erzaehlt\/\" >\n\t\t\t\tGangelt erkunden &#8211; eine Stadtf\u00fchrerin erz\u00e4hlt\t\t\t<\/a>\n\t\t<\/h3>\n\t\t\t\t<div class=\"elementor-post__meta-data\">\n\t\t\t\t\t<span class=\"elementor-post-date\">\n\t\t\t9. April 2021\t\t<\/span>\n\t\t\t\t<span class=\"elementor-post-avatar\">\n\t\t\tEin Kommentar\t\t<\/span>\n\t\t\t\t<\/div>\n\t\t\t\t<div class=\"elementor-post__excerpt\">\n\t\t\t<p>VITAL.NRW Handlungsfeld: Tourismus &amp; Naherholung Arbeitsgruppe: Wir im Westen laden ein Projekttr\u00e4ger: Gabriele Deyerling-Seidel Projektidee: Die Projektidee entstand aus einer Einsendung zum derzeit laufenden Projekt<\/p>\n\t\t<\/div>\n\t\t\t\t\t<a class=\"elementor-post__read-more\" href=\"https:\/\/www.westzipfelregion.de\/verein\/2021\/04\/09\/gangelt-erkunden-eine-stadtfuehrerin-erzaehlt\/\" >\n\t\t\t\tWeiterlesen \u00bb\t\t\t<\/a>\n\t\t\t\t<\/div>\n\t\t\t\t<\/article>\n\t\t\t\t<article class=\"elementor-post elementor-grid-item post-2693 post type-post status-publish format-standard has-post-thumbnail hentry category-vital-nrw\">\n\t\t\t\t<a class=\"elementor-post__thumbnail__link\" href=\"https:\/\/www.westzipfelregion.de\/verein\/2019\/03\/29\/droemmer-jaetzkes\/\" >\n\t\t\t<div class=\"elementor-post__thumbnail\"><img width=\"300\" height=\"182\" src=\"https:\/\/www.westzipfelregion.de\/verein\/assets\/sites\/3\/2019\/03\/Dr\u00f6mmer-J\u00e4tzkes-300x182.jpg\" class=\"attachment-medium size-medium\" alt=\"\" loading=\"lazy\" srcset=\"https:\/\/www.westzipfelregion.de\/verein\/assets\/sites\/3\/2019\/03\/Dr\u00f6mmer-J\u00e4tzkes-300x182.jpg 300w, https:\/\/www.westzipfelregion.de\/verein\/assets\/sites\/3\/2019\/03\/Dr\u00f6mmer-J\u00e4tzkes-20x12.jpg 20w, https:\/\/www.westzipfelregion.de\/verein\/assets\/sites\/3\/2019\/03\/Dr\u00f6mmer-J\u00e4tzkes.jpg 640w\" sizes=\"(max-width: 300px) 100vw, 300px\" \/><\/div>\n\t\t<\/a>\n\t\t\t\t<div class=\"elementor-post__text\">\n\t\t\t\t<h3 class=\"elementor-post__title\">\n\t\t\t<a href=\"https:\/\/www.westzipfelregion.de\/verein\/2019\/03\/29\/droemmer-jaetzkes\/\" >\n\t\t\t\tDr\u00f6mmer J\u00e4tzkes\t\t\t<\/a>\n\t\t<\/h3>\n\t\t\t\t<div class=\"elementor-post__meta-data\">\n\t\t\t\t\t<span class=\"elementor-post-date\">\n\t\t\t29. M\u00e4rz 2019\t\t<\/span>\n\t\t\t\t<span class=\"elementor-post-avatar\">\n\t\t\tKeine Kommentare\t\t<\/span>\n\t\t\t\t<\/div>\n\t\t\t\t<div class=\"elementor-post__excerpt\">\n\t\t\t<p>VITAL.NRW Handlungsfeld: Tourismus &amp; Naherholung Arbeitsgruppe: Wir im Westen laden ein Projekttr\u00e4ger: Stadt Heinsberg Projektidee: Der Ort Dremmen ist seit 1972 ein Stadtteil der Kreisstadt<\/p>\n\t\t<\/div>\n\t\t\t\t\t<a class=\"elementor-post__read-more\" href=\"https:\/\/www.westzipfelregion.de\/verein\/2019\/03\/29\/droemmer-jaetzkes\/\" >\n\t\t\t\tWeiterlesen \u00bb\t\t\t<\/a>\n\t\t\t\t<\/div>\n\t\t\t\t<\/article>\n\t\t\t\t<article class=\"elementor-post elementor-grid-item post-2034 post type-post status-publish format-standard has-post-thumbnail hentry category-vital-nrw\">\n\t\t\t\t<a class=\"elementor-post__thumbnail__link\" href=\"https:\/\/www.westzipfelregion.de\/verein\/2018\/12\/06\/10-jaehriges-ritterfest-in-gangelt\/\" >\n\t\t\t<div class=\"elementor-post__thumbnail\"><img width=\"300\" height=\"199\" src=\"https:\/\/www.westzipfelregion.de\/verein\/assets\/sites\/3\/2018\/12\/knight-1421358_640-300x199.jpg\" class=\"attachment-medium size-medium\" alt=\"\" loading=\"lazy\" srcset=\"https:\/\/www.westzipfelregion.de\/verein\/assets\/sites\/3\/2018\/12\/knight-1421358_640-300x199.jpg 300w, https:\/\/www.westzipfelregion.de\/verein\/assets\/sites\/3\/2018\/12\/knight-1421358_640-20x13.jpg 20w, https:\/\/www.westzipfelregion.de\/verein\/assets\/sites\/3\/2018\/12\/knight-1421358_640.jpg 640w\" sizes=\"(max-width: 300px) 100vw, 300px\" \/><\/div>\n\t\t<\/a>\n\t\t\t\t<div class=\"elementor-post__text\">\n\t\t\t\t<h3 class=\"elementor-post__title\">\n\t\t\t<a href=\"https:\/\/www.westzipfelregion.de\/verein\/2018\/12\/06\/10-jaehriges-ritterfest-in-gangelt\/\" >\n\t\t\t\tAufwertung des Gangelter Ritterfests\t\t\t<\/a>\n\t\t<\/h3>\n\t\t\t\t<div class=\"elementor-post__meta-data\">\n\t\t\t\t\t<span class=\"elementor-post-date\">\n\t\t\t6. Dezember 2018\t\t<\/span>\n\t\t\t\t<span class=\"elementor-post-avatar\">\n\t\t\t2\u00a0Kommentare\t\t<\/span>\n\t\t\t\t<\/div>\n\t\t\t\t<div class=\"elementor-post__excerpt\">\n\t\t\t<p>VITAL.NRW Handlungsfeld: Tourismus &amp; Naherholung Arbeitsgruppe: Wir im Westen laden ein Projekttr\u00e4ger: Die Schildwaechter zu Gangelt e.V. Projektidee: Das Event Gangelter Ritterfest soll zum 10-j\u00e4hrigen<\/p>\n\t\t<\/div>\n\t\t\t\t\t<a class=\"elementor-post__read-more\" href=\"https:\/\/www.westzipfelregion.de\/verein\/2018\/12\/06\/10-jaehriges-ritterfest-in-gangelt\/\" >\n\t\t\t\tWeiterlesen \u00bb\t\t\t<\/a>\n\t\t\t\t<\/div>\n\t\t\t\t<\/article>\n\t\t\t\t<article class=\"elementor-post elementor-grid-item post-1394 post type-post status-publish format-standard has-post-thumbnail hentry category-vital-nrw\">\n\t\t\t\t<a class=\"elementor-post__thumbnail__link\" href=\"https:\/\/www.westzipfelregion.de\/verein\/2018\/12\/05\/go-west-oldtimertag-in-der-westzipfelregion\/\" >\n\t\t\t<div class=\"elementor-post__thumbnail\"><img width=\"300\" height=\"200\" src=\"https:\/\/www.westzipfelregion.de\/verein\/assets\/sites\/3\/2018\/12\/oldtimer-3742480_640-300x200.jpg\" class=\"attachment-medium size-medium\" alt=\"\" loading=\"lazy\" srcset=\"https:\/\/www.westzipfelregion.de\/verein\/assets\/sites\/3\/2018\/12\/oldtimer-3742480_640-300x200.jpg 300w, https:\/\/www.westzipfelregion.de\/verein\/assets\/sites\/3\/2018\/12\/oldtimer-3742480_640-20x13.jpg 20w, https:\/\/www.westzipfelregion.de\/verein\/assets\/sites\/3\/2018\/12\/oldtimer-3742480_640.jpg 640w\" sizes=\"(max-width: 300px) 100vw, 300px\" \/><\/div>\n\t\t<\/a>\n\t\t\t\t<div class=\"elementor-post__text\">\n\t\t\t\t<h3 class=\"elementor-post__title\">\n\t\t\t<a href=\"https:\/\/www.westzipfelregion.de\/verein\/2018\/12\/05\/go-west-oldtimertag-in-der-westzipfelregion\/\" >\n\t\t\t\tGo West &#8211; Oldtimertag in der Westzipfelregion\t\t\t<\/a>\n\t\t<\/h3>\n\t\t\t\t<div class=\"elementor-post__meta-data\">\n\t\t\t\t\t<span class=\"elementor-post-date\">\n\t\t\t5. Dezember 2018\t\t<\/span>\n\t\t\t\t<span class=\"elementor-post-avatar\">\n\t\t\tEin Kommentar\t\t<\/span>\n\t\t\t\t<\/div>\n\t\t\t\t<div class=\"elementor-post__excerpt\">\n\t\t\t<p>VITAL.NRW Handlungsfeld: Tourismus &amp; Naherholung Arbeitsgruppe: Wir im Westen laden ein Projekttr\u00e4ger: Historische Fahrzeuge Gangelt e.V. Projektidee: Unter dem Titel &#8222;Go West &#8211; Oldtimertag&#8220; wird<\/p>\n\t\t<\/div>\n\t\t\t\t\t<a class=\"elementor-post__read-more\" href=\"https:\/\/www.westzipfelregion.de\/verein\/2018\/12\/05\/go-west-oldtimertag-in-der-westzipfelregion\/\" >\n\t\t\t\tWeiterlesen \u00bb\t\t\t<\/a>\n\t\t\t\t<\/div>\n\t\t\t\t<\/article>\n\t\t\t\t<article class=\"elementor-post elementor-grid-item post-1217 post type-post status-publish format-standard has-post-thumbnail hentry category-vital-nrw\">\n\t\t\t\t<a class=\"elementor-post__thumbnail__link\" href=\"https:\/\/www.westzipfelregion.de\/verein\/2018\/06\/18\/projektidee-bouleanlage-spieltraeume\/\" >\n\t\t\t<div class=\"elementor-post__thumbnail\"><img width=\"300\" height=\"207\" src=\"https:\/\/www.westzipfelregion.de\/verein\/assets\/sites\/3\/2018\/08\/balls-3663423_640-300x207.jpg\" class=\"attachment-medium size-medium\" alt=\"\" loading=\"lazy\" srcset=\"https:\/\/www.westzipfelregion.de\/verein\/assets\/sites\/3\/2018\/08\/balls-3663423_640-300x207.jpg 300w, https:\/\/www.westzipfelregion.de\/verein\/assets\/sites\/3\/2018\/08\/balls-3663423_640-20x14.jpg 20w, https:\/\/www.westzipfelregion.de\/verein\/assets\/sites\/3\/2018\/08\/balls-3663423_640.jpg 640w\" sizes=\"(max-width: 300px) 100vw, 300px\" \/><\/div>\n\t\t<\/a>\n\t\t\t\t<div class=\"elementor-post__text\">\n\t\t\t\t<h3 class=\"elementor-post__title\">\n\t\t\t<a href=\"https:\/\/www.westzipfelregion.de\/verein\/2018\/06\/18\/projektidee-bouleanlage-spieltraeume\/\" >\n\t\t\t\tBoulebahn An d\u2019r Heggestr\u00f6per\t\t\t<\/a>\n\t\t<\/h3>\n\t\t\t\t<div class=\"elementor-post__meta-data\">\n\t\t\t\t\t<span class=\"elementor-post-date\">\n\t\t\t18. Juni 2018\t\t<\/span>\n\t\t\t\t<span class=\"elementor-post-avatar\">\n\t\t\tKeine Kommentare\t\t<\/span>\n\t\t\t\t<\/div>\n\t\t\t\t<div class=\"elementor-post__excerpt\">\n\t\t\t<p>VITAL.NRW Handlungsfeld: Demografischer Wandel, Mobilit\u00e4t &amp; Integration Arbeitsgruppe: Der Westen verbindet Projekttr\u00e4ger: Spiel(t)r\u00e4ume Birgden e.V. Projektidee: Der Projekttr\u00e4ger hat, dank gro\u00dfem ehrenamtlichen Engagement seiner Mitglieder,<\/p>\n\t\t<\/div>\n\t\t\t\t\t<a class=\"elementor-post__read-more\" href=\"https:\/\/www.westzipfelregion.de\/verein\/2018\/06\/18\/projektidee-bouleanlage-spieltraeume\/\" >\n\t\t\t\tWeiterlesen \u00bb\t\t\t<\/a>\n\t\t\t\t<\/div>\n\t\t\t\t<\/article>\n\t\t\t\t<\/div>\n\n\n\t\t\n\t\t\t\t<\/div>\n\t\t\t\t<\/div>\n\t\t\t\t\t\t<\/div>\n\t\t\t\t\t<\/div>\n\t\t<\/div>\n\t\t\t\t\t\t\t\t<\/div>\n\t\t\t\t\t<\/div>\n\t\t<\/section>\n\t\t\t\t\t\t<\/div>\n\t\t\t\t\t\t<\/div>\n\t\t\t\t\t<\/div>\n\t\t","protected":false},"excerpt":{"rendered":"","protected":false},"author":3,"featured_media":0,"parent":2076,"menu_order":0,"comment_status":"closed","ping_status":"closed","template":"","meta":{"site-sidebar-layout":"no-sidebar","site-content-layout":"page-builder","ast-main-header-display":"","ast-hfb-above-header-display":"","ast-hfb-mobile-header-display":"","site-post-title":"disabled","ast-breadcrumbs-content":"","ast-featured-img":"disabled","footer-sml-layout":"","theme-transparent-header-meta":"default","adv-header-id-meta":"","stick-header-meta":"","header-above-stick-meta":"","header-main-stick-meta":"","header-below-stick-meta":""},"_links":{"self":[{"href":"https:\/\/www.westzipfelregion.de\/verein\/wp-json\/wp\/v2\/pages\/2084"}],"collection":[{"href":"https:\/\/www.westzipfelregion.de\/verein\/wp-json\/wp\/v2\/pages"}],"about":[{"href":"https:\/\/www.westzipfelregion.de\/verein\/wp-json\/wp\/v2\/types\/page"}],"author":[{"embeddable":true,"href":"https:\/\/www.westzipfelregion.de\/verein\/wp-json\/wp\/v2\/users\/3"}],"replies":[{"embeddable":true,"href":"https:\/\/www.westzipfelregion.de\/verein\/wp-json\/wp\/v2\/comments?post=2084"}],"version-history":[{"count":26,"href":"https:\/\/www.westzipfelregion.de\/verein\/wp-json\/wp\/v2\/pages\/2084\/revisions"}],"predecessor-version":[{"id":4587,"href":"https:\/\/www.westzipfelregion.de\/verein\/wp-json\/wp\/v2\/pages\/2084\/revisions\/4587"}],"up":[{"embeddable":true,"href":"https:\/\/www.westzipfelregion.de\/verein\/wp-json\/wp\/v2\/pages\/2076"}],"wp:attachment":[{"href":"https:\/\/www.westzipfelregion.de\/verein\/wp-json\/wp\/v2\/media?parent=2084"}],"curies":[{"name":"wp","href":"https:\/\/api.w.org\/{rel}","templated":true}]}}