{"id":2078,"date":"2019-01-10T12:45:14","date_gmt":"2019-01-10T11:45:14","guid":{"rendered":"https:\/\/www.westzipfelregion.de\/verein\/?page_id=2078"},"modified":"2021-04-09T15:28:54","modified_gmt":"2021-04-09T13:28:54","slug":"projekte-in-planung","status":"publish","type":"page","link":"https:\/\/www.westzipfelregion.de\/verein\/projekte\/projekte-in-planung\/","title":{"rendered":"Projekte in Planung"},"content":{"rendered":"\t\t<div data-elementor-type=\"wp-post\" data-elementor-id=\"2078\" class=\"elementor elementor-2078 elementor-bc-flex-widget\" data-elementor-settings=\"[]\">\n\t\t\t\t\t\t<div class=\"elementor-inner\">\n\t\t\t\t\t\t\t<div class=\"elementor-section-wrap\">\n\t\t\t\t\t\t\t<section class=\"elementor-section elementor-top-section elementor-element elementor-element-ffd2e9a elementor-section-boxed elementor-section-height-default elementor-section-height-default\" data-id=\"ffd2e9a\" data-element_type=\"section\">\n\t\t\t\t\t\t<div class=\"elementor-container elementor-column-gap-default\">\n\t\t\t\t\t\t\t<div class=\"elementor-row\">\n\t\t\t\t\t<div class=\"elementor-column elementor-col-50 elementor-top-column elementor-element elementor-element-341bfbf\" data-id=\"341bfbf\" data-element_type=\"column\">\n\t\t\t<div class=\"elementor-column-wrap\">\n\t\t\t\t\t\t\t<div class=\"elementor-widget-wrap\">\n\t\t\t\t\t\t\t\t<\/div>\n\t\t\t\t\t<\/div>\n\t\t<\/div>\n\t\t\t\t<div class=\"elementor-column elementor-col-50 elementor-top-column elementor-element elementor-element-a636020\" data-id=\"a636020\" data-element_type=\"column\">\n\t\t\t<div class=\"elementor-column-wrap\">\n\t\t\t\t\t\t\t<div class=\"elementor-widget-wrap\">\n\t\t\t\t\t\t\t\t<\/div>\n\t\t\t\t\t<\/div>\n\t\t<\/div>\n\t\t\t\t\t\t\t\t<\/div>\n\t\t\t\t\t<\/div>\n\t\t<\/section>\n\t\t\t\t<section class=\"elementor-section elementor-top-section elementor-element elementor-element-7d7e3a6 elementor-section-boxed elementor-section-height-default elementor-section-height-default\" data-id=\"7d7e3a6\" data-element_type=\"section\">\n\t\t\t\t\t\t<div class=\"elementor-container elementor-column-gap-default\">\n\t\t\t\t\t\t\t<div class=\"elementor-row\">\n\t\t\t\t\t<div class=\"elementor-column elementor-col-100 elementor-top-column elementor-element elementor-element-449c351\" data-id=\"449c351\" data-element_type=\"column\">\n\t\t\t<div class=\"elementor-column-wrap elementor-element-populated\">\n\t\t\t\t\t\t\t<div class=\"elementor-widget-wrap\">\n\t\t\t\t\t\t<div class=\"elementor-element elementor-element-1738559 elementor-grid-3 elementor-grid-tablet-2 elementor-grid-mobile-1 elementor-posts--thumbnail-top elementor-widget elementor-widget-posts\" data-id=\"1738559\" data-element_type=\"widget\" data-settings=\"{&quot;classic_columns&quot;:&quot;3&quot;,&quot;classic_columns_tablet&quot;:&quot;2&quot;,&quot;classic_columns_mobile&quot;:&quot;1&quot;,&quot;classic_row_gap&quot;:{&quot;unit&quot;:&quot;px&quot;,&quot;size&quot;:35,&quot;sizes&quot;:[]}}\" data-widget_type=\"posts.classic\">\n\t\t\t\t<div class=\"elementor-widget-container\">\n\t\t\t\t\t<div class=\"elementor-posts-container elementor-posts elementor-posts--skin-classic elementor-grid\">\n\t\t\t\t<article class=\"elementor-post elementor-grid-item post-8549 post type-post status-publish format-standard has-post-thumbnail hentry category-projekte-in-der-planung\">\n\t\t\t\t<a class=\"elementor-post__thumbnail__link\" href=\"https:\/\/www.westzipfelregion.de\/verein\/2026\/03\/25\/mehrgenerationenplatz-karken\/\" >\n\t\t\t<div class=\"elementor-post__thumbnail\"><img width=\"225\" height=\"300\" src=\"https:\/\/www.westzipfelregion.de\/verein\/assets\/sites\/3\/2026\/03\/Mehrgenerationenplatz-Karken-225x300.jpeg\" class=\"attachment-medium size-medium\" alt=\"\" loading=\"lazy\" srcset=\"https:\/\/www.westzipfelregion.de\/verein\/assets\/sites\/3\/2026\/03\/Mehrgenerationenplatz-Karken-225x300.jpeg 225w, https:\/\/www.westzipfelregion.de\/verein\/assets\/sites\/3\/2026\/03\/Mehrgenerationenplatz-Karken-768x1024.jpeg 768w, https:\/\/www.westzipfelregion.de\/verein\/assets\/sites\/3\/2026\/03\/Mehrgenerationenplatz-Karken-1152x1536.jpeg 1152w, https:\/\/www.westzipfelregion.de\/verein\/assets\/sites\/3\/2026\/03\/Mehrgenerationenplatz-Karken.jpeg 1200w\" sizes=\"(max-width: 225px) 100vw, 225px\" \/><\/div>\n\t\t<\/a>\n\t\t\t\t<div class=\"elementor-post__text\">\n\t\t\t\t<h3 class=\"elementor-post__title\">\n\t\t\t<a href=\"https:\/\/www.westzipfelregion.de\/verein\/2026\/03\/25\/mehrgenerationenplatz-karken\/\" >\n\t\t\t\tMehrgenerationenplatz Karken\t\t\t<\/a>\n\t\t<\/h3>\n\t\t\t\t<div class=\"elementor-post__meta-data\">\n\t\t\t\t\t<span class=\"elementor-post-date\">\n\t\t\t25. M\u00e4rz 2026\t\t<\/span>\n\t\t\t\t<span class=\"elementor-post-avatar\">\n\t\t\tKeine Kommentare\t\t<\/span>\n\t\t\t\t<\/div>\n\t\t\t\t<div class=\"elementor-post__excerpt\">\n\t\t\t<p>In Heinsberg-Karken wurde ein neuer Mehrgenerationenplatz geschaffen, der als gemeinsamer Treffpunkt f\u00fcr Menschen aller Altersgruppen dient.<\/p>\n\t\t<\/div>\n\t\t\t\t\t<a class=\"elementor-post__read-more\" href=\"https:\/\/www.westzipfelregion.de\/verein\/2026\/03\/25\/mehrgenerationenplatz-karken\/\" >\n\t\t\t\tWeiterlesen \u00bb\t\t\t<\/a>\n\t\t\t\t<\/div>\n\t\t\t\t<\/article>\n\t\t\t\t<article class=\"elementor-post elementor-grid-item post-8534 post type-post status-publish format-standard has-post-thumbnail hentry category-projekte-in-der-planung\">\n\t\t\t\t<a class=\"elementor-post__thumbnail__link\" href=\"https:\/\/www.westzipfelregion.de\/verein\/2026\/03\/25\/ausbau-des-dorfgemeinschaftshauses-oase-in-waldfeucht-obspringen-zum-soziokulturellen-mittelpunkt\/\" >\n\t\t\t<div class=\"elementor-post__thumbnail\"><img width=\"225\" height=\"300\" src=\"https:\/\/www.westzipfelregion.de\/verein\/assets\/sites\/3\/2026\/03\/Oase-Obspringen-225x300.jpg\" class=\"attachment-medium size-medium\" alt=\"\" loading=\"lazy\" srcset=\"https:\/\/www.westzipfelregion.de\/verein\/assets\/sites\/3\/2026\/03\/Oase-Obspringen-225x300.jpg 225w, https:\/\/www.westzipfelregion.de\/verein\/assets\/sites\/3\/2026\/03\/Oase-Obspringen-768x1024.jpg 768w, https:\/\/www.westzipfelregion.de\/verein\/assets\/sites\/3\/2026\/03\/Oase-Obspringen-1152x1536.jpg 1152w, https:\/\/www.westzipfelregion.de\/verein\/assets\/sites\/3\/2026\/03\/Oase-Obspringen-1536x2048.jpg 1536w, https:\/\/www.westzipfelregion.de\/verein\/assets\/sites\/3\/2026\/03\/Oase-Obspringen-scaled.jpg 1920w\" sizes=\"(max-width: 225px) 100vw, 225px\" \/><\/div>\n\t\t<\/a>\n\t\t\t\t<div class=\"elementor-post__text\">\n\t\t\t\t<h3 class=\"elementor-post__title\">\n\t\t\t<a href=\"https:\/\/www.westzipfelregion.de\/verein\/2026\/03\/25\/ausbau-des-dorfgemeinschaftshauses-oase-in-waldfeucht-obspringen-zum-soziokulturellen-mittelpunkt\/\" >\n\t\t\t\tAusbau des Dorfgemeinschaftshauses &#8222;Oase&#8220; in Waldfeucht-Obspringen zum soziokulturellen Mittelpunkt\t\t\t<\/a>\n\t\t<\/h3>\n\t\t\t\t<div class=\"elementor-post__meta-data\">\n\t\t\t\t\t<span class=\"elementor-post-date\">\n\t\t\t25. M\u00e4rz 2026\t\t<\/span>\n\t\t\t\t<span class=\"elementor-post-avatar\">\n\t\t\tKeine Kommentare\t\t<\/span>\n\t\t\t\t<\/div>\n\t\t\t\t<div class=\"elementor-post__excerpt\">\n\t\t\t<p>Das Dorfgemeinschaftshaus \u201eOase\u201c in Waldfeucht-Obspringen wurde umfassend modernisiert und zu einem soziokulturellen Mittelpunkt f\u00fcr die Gemeinde weiterentwickelt. <\/p>\n\t\t<\/div>\n\t\t\t\t\t<a class=\"elementor-post__read-more\" href=\"https:\/\/www.westzipfelregion.de\/verein\/2026\/03\/25\/ausbau-des-dorfgemeinschaftshauses-oase-in-waldfeucht-obspringen-zum-soziokulturellen-mittelpunkt\/\" >\n\t\t\t\tWeiterlesen \u00bb\t\t\t<\/a>\n\t\t\t\t<\/div>\n\t\t\t\t<\/article>\n\t\t\t\t<article class=\"elementor-post elementor-grid-item post-8524 post type-post status-publish format-standard has-post-thumbnail hentry category-projekte-in-der-planung\">\n\t\t\t\t<a class=\"elementor-post__thumbnail__link\" href=\"https:\/\/www.westzipfelregion.de\/verein\/2026\/03\/25\/multifunktionales-kleinspielfeld-in-schafhausen\/\" >\n\t\t\t<div class=\"elementor-post__thumbnail\"><img width=\"225\" height=\"300\" src=\"https:\/\/www.westzipfelregion.de\/verein\/assets\/sites\/3\/2026\/03\/Kleinspielfeld-Schafhausen-225x300.jpg\" class=\"attachment-medium size-medium\" alt=\"\" loading=\"lazy\" srcset=\"https:\/\/www.westzipfelregion.de\/verein\/assets\/sites\/3\/2026\/03\/Kleinspielfeld-Schafhausen-225x300.jpg 225w, https:\/\/www.westzipfelregion.de\/verein\/assets\/sites\/3\/2026\/03\/Kleinspielfeld-Schafhausen-768x1024.jpg 768w, https:\/\/www.westzipfelregion.de\/verein\/assets\/sites\/3\/2026\/03\/Kleinspielfeld-Schafhausen-1152x1536.jpg 1152w, https:\/\/www.westzipfelregion.de\/verein\/assets\/sites\/3\/2026\/03\/Kleinspielfeld-Schafhausen-1536x2048.jpg 1536w, https:\/\/www.westzipfelregion.de\/verein\/assets\/sites\/3\/2026\/03\/Kleinspielfeld-Schafhausen-scaled.jpg 1920w\" sizes=\"(max-width: 225px) 100vw, 225px\" \/><\/div>\n\t\t<\/a>\n\t\t\t\t<div class=\"elementor-post__text\">\n\t\t\t\t<h3 class=\"elementor-post__title\">\n\t\t\t<a href=\"https:\/\/www.westzipfelregion.de\/verein\/2026\/03\/25\/multifunktionales-kleinspielfeld-in-schafhausen\/\" >\n\t\t\t\tMultifunktionales Kleinspielfeld in Schafhausen\t\t\t<\/a>\n\t\t<\/h3>\n\t\t\t\t<div class=\"elementor-post__meta-data\">\n\t\t\t\t\t<span class=\"elementor-post-date\">\n\t\t\t25. M\u00e4rz 2026\t\t<\/span>\n\t\t\t\t<span class=\"elementor-post-avatar\">\n\t\t\tKeine Kommentare\t\t<\/span>\n\t\t\t\t<\/div>\n\t\t\t\t<div class=\"elementor-post__excerpt\">\n\t\t\t<p>Am Sportplatz \u201eIm Kuhlert\u201c in Heinsberg-Schafhausen wurde ein neuer multifunktionaler Soccer Court geschaffen, der das Freizeit- und Sportangebot im Ort deutlich erweitert. <\/p>\n\t\t<\/div>\n\t\t\t\t\t<a class=\"elementor-post__read-more\" href=\"https:\/\/www.westzipfelregion.de\/verein\/2026\/03\/25\/multifunktionales-kleinspielfeld-in-schafhausen\/\" >\n\t\t\t\tWeiterlesen \u00bb\t\t\t<\/a>\n\t\t\t\t<\/div>\n\t\t\t\t<\/article>\n\t\t\t\t<article class=\"elementor-post elementor-grid-item post-8493 post type-post status-publish format-standard has-post-thumbnail hentry category-projekte-in-der-planung\">\n\t\t\t\t<a class=\"elementor-post__thumbnail__link\" href=\"https:\/\/www.westzipfelregion.de\/verein\/2026\/03\/25\/umgestaltung-des-bolzplatzes-in-heinsberg-porselen\/\" >\n\t\t\t<div class=\"elementor-post__thumbnail\"><img width=\"300\" height=\"169\" src=\"https:\/\/www.westzipfelregion.de\/verein\/assets\/sites\/3\/2026\/03\/Bolzplatz-Porselen-1-300x169.jpg\" class=\"attachment-medium size-medium\" alt=\"\" loading=\"lazy\" srcset=\"https:\/\/www.westzipfelregion.de\/verein\/assets\/sites\/3\/2026\/03\/Bolzplatz-Porselen-1-300x169.jpg 300w, https:\/\/www.westzipfelregion.de\/verein\/assets\/sites\/3\/2026\/03\/Bolzplatz-Porselen-1-1024x577.jpg 1024w, https:\/\/www.westzipfelregion.de\/verein\/assets\/sites\/3\/2026\/03\/Bolzplatz-Porselen-1-768x433.jpg 768w, https:\/\/www.westzipfelregion.de\/verein\/assets\/sites\/3\/2026\/03\/Bolzplatz-Porselen-1.jpg 1115w\" sizes=\"(max-width: 300px) 100vw, 300px\" \/><\/div>\n\t\t<\/a>\n\t\t\t\t<div class=\"elementor-post__text\">\n\t\t\t\t<h3 class=\"elementor-post__title\">\n\t\t\t<a href=\"https:\/\/www.westzipfelregion.de\/verein\/2026\/03\/25\/umgestaltung-des-bolzplatzes-in-heinsberg-porselen\/\" >\n\t\t\t\tUmgestaltung des Bolzplatzes in Heinsberg Porselen\t\t\t<\/a>\n\t\t<\/h3>\n\t\t\t\t<div class=\"elementor-post__meta-data\">\n\t\t\t\t\t<span class=\"elementor-post-date\">\n\t\t\t25. M\u00e4rz 2026\t\t<\/span>\n\t\t\t\t<span class=\"elementor-post-avatar\">\n\t\t\tKeine Kommentare\t\t<\/span>\n\t\t\t\t<\/div>\n\t\t\t\t<div class=\"elementor-post__excerpt\">\n\t\t\t<p>In Porselen wurde ein neues sportliches Freizeitangebot im Au\u00dfenbereich geschaffen, das Menschen aller Altersgruppen zu mehr Bewegung motivieren soll. <\/p>\n\t\t<\/div>\n\t\t\t\t\t<a class=\"elementor-post__read-more\" href=\"https:\/\/www.westzipfelregion.de\/verein\/2026\/03\/25\/umgestaltung-des-bolzplatzes-in-heinsberg-porselen\/\" >\n\t\t\t\tWeiterlesen \u00bb\t\t\t<\/a>\n\t\t\t\t<\/div>\n\t\t\t\t<\/article>\n\t\t\t\t<article class=\"elementor-post elementor-grid-item post-8461 post type-post status-publish format-standard has-post-thumbnail hentry category-projekte-in-der-planung\">\n\t\t\t\t<a class=\"elementor-post__thumbnail__link\" href=\"https:\/\/www.westzipfelregion.de\/verein\/2026\/03\/25\/lastwagen-fuer-die-versorgung-der-tafelkunden\/\" >\n\t\t\t<div class=\"elementor-post__thumbnail\"><img width=\"225\" height=\"300\" src=\"https:\/\/www.westzipfelregion.de\/verein\/assets\/sites\/3\/2026\/03\/Lastwagen-Tafel-225x300.jpeg\" class=\"attachment-medium size-medium\" alt=\"\" loading=\"lazy\" srcset=\"https:\/\/www.westzipfelregion.de\/verein\/assets\/sites\/3\/2026\/03\/Lastwagen-Tafel-225x300.jpeg 225w, https:\/\/www.westzipfelregion.de\/verein\/assets\/sites\/3\/2026\/03\/Lastwagen-Tafel-768x1024.jpeg 768w, https:\/\/www.westzipfelregion.de\/verein\/assets\/sites\/3\/2026\/03\/Lastwagen-Tafel-1152x1536.jpeg 1152w, https:\/\/www.westzipfelregion.de\/verein\/assets\/sites\/3\/2026\/03\/Lastwagen-Tafel.jpeg 1200w\" sizes=\"(max-width: 225px) 100vw, 225px\" \/><\/div>\n\t\t<\/a>\n\t\t\t\t<div class=\"elementor-post__text\">\n\t\t\t\t<h3 class=\"elementor-post__title\">\n\t\t\t<a href=\"https:\/\/www.westzipfelregion.de\/verein\/2026\/03\/25\/lastwagen-fuer-die-versorgung-der-tafelkunden\/\" >\n\t\t\t\tLastwagen f\u00fcr die Versorgung der Tafelkunden\t\t\t<\/a>\n\t\t<\/h3>\n\t\t\t\t<div class=\"elementor-post__meta-data\">\n\t\t\t\t\t<span class=\"elementor-post-date\">\n\t\t\t25. M\u00e4rz 2026\t\t<\/span>\n\t\t\t\t<span class=\"elementor-post-avatar\">\n\t\t\tKeine Kommentare\t\t<\/span>\n\t\t\t\t<\/div>\n\t\t\t\t<div class=\"elementor-post__excerpt\">\n\t\t\t<p>Mit dem Fahrzeug k\u00f6nnen Lebensmittelspenden bei Superm\u00e4rkten und weiteren Partnern besser abgeholt und anschlie\u00dfend an die Ausgabestellen verteilt werden. <\/p>\n\t\t<\/div>\n\t\t\t\t\t<a class=\"elementor-post__read-more\" href=\"https:\/\/www.westzipfelregion.de\/verein\/2026\/03\/25\/lastwagen-fuer-die-versorgung-der-tafelkunden\/\" >\n\t\t\t\tWeiterlesen \u00bb\t\t\t<\/a>\n\t\t\t\t<\/div>\n\t\t\t\t<\/article>\n\t\t\t\t<article class=\"elementor-post elementor-grid-item post-8005 post type-post status-publish format-standard has-post-thumbnail hentry category-allgemein category-projekte-in-der-planung\">\n\t\t\t\t<a class=\"elementor-post__thumbnail__link\" href=\"https:\/\/www.westzipfelregion.de\/verein\/2025\/01\/17\/birgdener-betkreuz\/\" >\n\t\t\t<div class=\"elementor-post__thumbnail\"><img width=\"300\" height=\"225\" src=\"https:\/\/www.westzipfelregion.de\/verein\/assets\/sites\/3\/2025\/01\/Betkreuz01-300x225.jpg\" class=\"attachment-medium size-medium\" alt=\"\" loading=\"lazy\" srcset=\"https:\/\/www.westzipfelregion.de\/verein\/assets\/sites\/3\/2025\/01\/Betkreuz01-300x225.jpg 300w, https:\/\/www.westzipfelregion.de\/verein\/assets\/sites\/3\/2025\/01\/Betkreuz01-1024x768.jpg 1024w, https:\/\/www.westzipfelregion.de\/verein\/assets\/sites\/3\/2025\/01\/Betkreuz01-768x576.jpg 768w, https:\/\/www.westzipfelregion.de\/verein\/assets\/sites\/3\/2025\/01\/Betkreuz01-1536x1152.jpg 1536w, https:\/\/www.westzipfelregion.de\/verein\/assets\/sites\/3\/2025\/01\/Betkreuz01.jpg 1600w\" sizes=\"(max-width: 300px) 100vw, 300px\" \/><\/div>\n\t\t<\/a>\n\t\t\t\t<div class=\"elementor-post__text\">\n\t\t\t\t<h3 class=\"elementor-post__title\">\n\t\t\t<a href=\"https:\/\/www.westzipfelregion.de\/verein\/2025\/01\/17\/birgdener-betkreuz\/\" >\n\t\t\t\tBirgdener Betkreuz\t\t\t<\/a>\n\t\t<\/h3>\n\t\t\t\t<div class=\"elementor-post__meta-data\">\n\t\t\t\t\t<span class=\"elementor-post-date\">\n\t\t\t17. Januar 2025\t\t<\/span>\n\t\t\t\t<span class=\"elementor-post-avatar\">\n\t\t\tKeine Kommentare\t\t<\/span>\n\t\t\t\t<\/div>\n\t\t\t\t<div class=\"elementor-post__excerpt\">\n\t\t\t<p>Das Birgdener Betkreuz in der Gemeinde Gangelt, Ortsteil Birgden ist ein bekanntes Wahrzeichen und ein Ort der Begegnung. Durch die Ma\u00dfnahme ist ein kulturelles und nat\u00fcrliches Erbe erhalten geblieben.<\/p>\n\t\t<\/div>\n\t\t\t\t\t<a class=\"elementor-post__read-more\" href=\"https:\/\/www.westzipfelregion.de\/verein\/2025\/01\/17\/birgdener-betkreuz\/\" >\n\t\t\t\tWeiterlesen \u00bb\t\t\t<\/a>\n\t\t\t\t<\/div>\n\t\t\t\t<\/article>\n\t\t\t\t<article class=\"elementor-post elementor-grid-item post-7987 post type-post status-publish format-standard has-post-thumbnail hentry category-allgemein category-projekte-in-der-planung\">\n\t\t\t\t<a class=\"elementor-post__thumbnail__link\" href=\"https:\/\/www.westzipfelregion.de\/verein\/2025\/01\/17\/ressourcenschonende-warmwassererzeugung\/\" >\n\t\t\t<div class=\"elementor-post__thumbnail\"><img width=\"300\" height=\"180\" src=\"https:\/\/www.westzipfelregion.de\/verein\/assets\/sites\/3\/2025\/01\/20241023_120549-Kopie-300x180.jpg\" class=\"attachment-medium size-medium\" alt=\"\" loading=\"lazy\" srcset=\"https:\/\/www.westzipfelregion.de\/verein\/assets\/sites\/3\/2025\/01\/20241023_120549-Kopie-300x180.jpg 300w, https:\/\/www.westzipfelregion.de\/verein\/assets\/sites\/3\/2025\/01\/20241023_120549-Kopie-1024x614.jpg 1024w, https:\/\/www.westzipfelregion.de\/verein\/assets\/sites\/3\/2025\/01\/20241023_120549-Kopie-768x461.jpg 768w, https:\/\/www.westzipfelregion.de\/verein\/assets\/sites\/3\/2025\/01\/20241023_120549-Kopie-1536x921.jpg 1536w, https:\/\/www.westzipfelregion.de\/verein\/assets\/sites\/3\/2025\/01\/20241023_120549-Kopie-2048x1228.jpg 2048w\" sizes=\"(max-width: 300px) 100vw, 300px\" \/><\/div>\n\t\t<\/a>\n\t\t\t\t<div class=\"elementor-post__text\">\n\t\t\t\t<h3 class=\"elementor-post__title\">\n\t\t\t<a href=\"https:\/\/www.westzipfelregion.de\/verein\/2025\/01\/17\/ressourcenschonende-warmwassererzeugung\/\" >\n\t\t\t\tRessourcenschonende Warmwassererzeugung\t\t\t<\/a>\n\t\t<\/h3>\n\t\t\t\t<div class=\"elementor-post__meta-data\">\n\t\t\t\t\t<span class=\"elementor-post-date\">\n\t\t\t17. Januar 2025\t\t<\/span>\n\t\t\t\t<span class=\"elementor-post-avatar\">\n\t\t\tKeine Kommentare\t\t<\/span>\n\t\t\t\t<\/div>\n\t\t\t\t<div class=\"elementor-post__excerpt\">\n\t\t\t<p>Dem B\u00fcrgerbad Kirchhoven entsteht durch die Anschaffung einer Wasser-Thermie eine enorme Kosteneinsparungen zugunsten der Umwelt und dem Erhalt des Freibades.<\/p>\n\t\t<\/div>\n\t\t\t\t\t<a class=\"elementor-post__read-more\" href=\"https:\/\/www.westzipfelregion.de\/verein\/2025\/01\/17\/ressourcenschonende-warmwassererzeugung\/\" >\n\t\t\t\tWeiterlesen \u00bb\t\t\t<\/a>\n\t\t\t\t<\/div>\n\t\t\t\t<\/article>\n\t\t\t\t<article class=\"elementor-post elementor-grid-item post-7876 post type-post status-publish format-standard has-post-thumbnail hentry category-allgemein category-projekte-in-der-planung\">\n\t\t\t\t<a class=\"elementor-post__thumbnail__link\" href=\"https:\/\/www.westzipfelregion.de\/verein\/2024\/08\/23\/informationsbroschuere-millen-liebenswertes-kleinod-im-westen\/\" >\n\t\t\t<div class=\"elementor-post__thumbnail\"><img width=\"300\" height=\"225\" src=\"https:\/\/www.westzipfelregion.de\/verein\/assets\/sites\/3\/2024\/08\/Bild-Broschuere-Millen-1-300x225.jpg\" class=\"attachment-medium size-medium\" alt=\"\" loading=\"lazy\" srcset=\"https:\/\/www.westzipfelregion.de\/verein\/assets\/sites\/3\/2024\/08\/Bild-Broschuere-Millen-1-300x225.jpg 300w, https:\/\/www.westzipfelregion.de\/verein\/assets\/sites\/3\/2024\/08\/Bild-Broschuere-Millen-1-1024x768.jpg 1024w, https:\/\/www.westzipfelregion.de\/verein\/assets\/sites\/3\/2024\/08\/Bild-Broschuere-Millen-1-768x576.jpg 768w, https:\/\/www.westzipfelregion.de\/verein\/assets\/sites\/3\/2024\/08\/Bild-Broschuere-Millen-1-1536x1152.jpg 1536w, https:\/\/www.westzipfelregion.de\/verein\/assets\/sites\/3\/2024\/08\/Bild-Broschuere-Millen-1-2048x1536.jpg 2048w, https:\/\/www.westzipfelregion.de\/verein\/assets\/sites\/3\/2024\/08\/Bild-Broschuere-Millen-1-scaled-e1724836187329.jpg 1600w\" sizes=\"(max-width: 300px) 100vw, 300px\" \/><\/div>\n\t\t<\/a>\n\t\t\t\t<div class=\"elementor-post__text\">\n\t\t\t\t<h3 class=\"elementor-post__title\">\n\t\t\t<a href=\"https:\/\/www.westzipfelregion.de\/verein\/2024\/08\/23\/informationsbroschuere-millen-liebenswertes-kleinod-im-westen\/\" >\n\t\t\t\tInformationsbrosch\u00fcre &#8222;Millen &#8211; l(i)ebenswertes Kleinod im Westen&#8220;\t\t\t<\/a>\n\t\t<\/h3>\n\t\t\t\t<div class=\"elementor-post__meta-data\">\n\t\t\t\t\t<span class=\"elementor-post-date\">\n\t\t\t23. August 2024\t\t<\/span>\n\t\t\t\t<span class=\"elementor-post-avatar\">\n\t\t\tKeine Kommentare\t\t<\/span>\n\t\t\t\t<\/div>\n\t\t\t\t<div class=\"elementor-post__excerpt\">\n\t\t\t<p>Die Brosch\u00fcre und der Rundweg durch den \u201ealten\u201c Ortsbereich von Millen, macht Sie bekannt mit Geschichtlichem, \u00dcberliefertem und Kuriosem aus diesem Grenzort, der von dem Krieg weitgehend verschont worden ist.<\/p>\n\t\t<\/div>\n\t\t\t\t\t<a class=\"elementor-post__read-more\" href=\"https:\/\/www.westzipfelregion.de\/verein\/2024\/08\/23\/informationsbroschuere-millen-liebenswertes-kleinod-im-westen\/\" >\n\t\t\t\tWeiterlesen \u00bb\t\t\t<\/a>\n\t\t\t\t<\/div>\n\t\t\t\t<\/article>\n\t\t\t\t<article class=\"elementor-post elementor-grid-item post-7856 post type-post status-publish format-standard has-post-thumbnail hentry category-allgemein category-projekte-in-der-planung\">\n\t\t\t\t<a class=\"elementor-post__thumbnail__link\" href=\"https:\/\/www.westzipfelregion.de\/verein\/2024\/07\/18\/informationsbroschuere-der-selfkant-und-seine-16-gemeindeteile\/\" >\n\t\t\t<div class=\"elementor-post__thumbnail\"><img width=\"300\" height=\"225\" src=\"https:\/\/www.westzipfelregion.de\/verein\/assets\/sites\/3\/2024\/07\/Selfkant-16-Gemeindeteile_2-300x225.jpg\" class=\"attachment-medium size-medium\" alt=\"\" loading=\"lazy\" srcset=\"https:\/\/www.westzipfelregion.de\/verein\/assets\/sites\/3\/2024\/07\/Selfkant-16-Gemeindeteile_2-300x225.jpg 300w, https:\/\/www.westzipfelregion.de\/verein\/assets\/sites\/3\/2024\/07\/Selfkant-16-Gemeindeteile_2-1024x768.jpg 1024w, https:\/\/www.westzipfelregion.de\/verein\/assets\/sites\/3\/2024\/07\/Selfkant-16-Gemeindeteile_2-768x576.jpg 768w, https:\/\/www.westzipfelregion.de\/verein\/assets\/sites\/3\/2024\/07\/Selfkant-16-Gemeindeteile_2-1536x1152.jpg 1536w, https:\/\/www.westzipfelregion.de\/verein\/assets\/sites\/3\/2024\/07\/Selfkant-16-Gemeindeteile_2.jpg 1600w\" sizes=\"(max-width: 300px) 100vw, 300px\" \/><\/div>\n\t\t<\/a>\n\t\t\t\t<div class=\"elementor-post__text\">\n\t\t\t\t<h3 class=\"elementor-post__title\">\n\t\t\t<a href=\"https:\/\/www.westzipfelregion.de\/verein\/2024\/07\/18\/informationsbroschuere-der-selfkant-und-seine-16-gemeindeteile\/\" >\n\t\t\t\tInformationsbrosch\u00fcre \u201eDer Selfkant und seine 16 Gemeindeteile\u201c\t\t\t<\/a>\n\t\t<\/h3>\n\t\t\t\t<div class=\"elementor-post__meta-data\">\n\t\t\t\t\t<span class=\"elementor-post-date\">\n\t\t\t18. Juli 2024\t\t<\/span>\n\t\t\t\t<span class=\"elementor-post-avatar\">\n\t\t\tKeine Kommentare\t\t<\/span>\n\t\t\t\t<\/div>\n\t\t\t\t<div class=\"elementor-post__excerpt\">\n\t\t\t<p>In einer 90seitigen Brosch\u00fcre notiert Frau Deyerling-Seidel Wissenswertes und touristische Interessantes zu den 16 Gemeindeteilen des Selfkants.<\/p>\n\t\t<\/div>\n\t\t\t\t\t<a class=\"elementor-post__read-more\" href=\"https:\/\/www.westzipfelregion.de\/verein\/2024\/07\/18\/informationsbroschuere-der-selfkant-und-seine-16-gemeindeteile\/\" >\n\t\t\t\tWeiterlesen \u00bb\t\t\t<\/a>\n\t\t\t\t<\/div>\n\t\t\t\t<\/article>\n\t\t\t\t<\/div>\n\n\n\t\t\n\t\t\t\t<\/div>\n\t\t\t\t<\/div>\n\t\t\t\t\t\t<\/div>\n\t\t\t\t\t<\/div>\n\t\t<\/div>\n\t\t\t\t\t\t\t\t<\/div>\n\t\t\t\t\t<\/div>\n\t\t<\/section>\n\t\t\t\t\t\t<\/div>\n\t\t\t\t\t\t<\/div>\n\t\t\t\t\t<\/div>\n\t\t","protected":false},"excerpt":{"rendered":"","protected":false},"author":3,"featured_media":0,"parent":2076,"menu_order":0,"comment_status":"closed","ping_status":"closed","template":"","meta":{"site-sidebar-layout":"no-sidebar","site-content-layout":"page-builder","ast-main-header-display":"","ast-hfb-above-header-display":"","ast-hfb-mobile-header-display":"","site-post-title":"disabled","ast-breadcrumbs-content":"","ast-featured-img":"disabled","footer-sml-layout":"","theme-transparent-header-meta":"default","adv-header-id-meta":"","stick-header-meta":"","header-above-stick-meta":"","header-main-stick-meta":"","header-below-stick-meta":""},"_links":{"self":[{"href":"https:\/\/www.westzipfelregion.de\/verein\/wp-json\/wp\/v2\/pages\/2078"}],"collection":[{"href":"https:\/\/www.westzipfelregion.de\/verein\/wp-json\/wp\/v2\/pages"}],"about":[{"href":"https:\/\/www.westzipfelregion.de\/verein\/wp-json\/wp\/v2\/types\/page"}],"author":[{"embeddable":true,"href":"https:\/\/www.westzipfelregion.de\/verein\/wp-json\/wp\/v2\/users\/3"}],"replies":[{"embeddable":true,"href":"https:\/\/www.westzipfelregion.de\/verein\/wp-json\/wp\/v2\/comments?post=2078"}],"version-history":[{"count":20,"href":"https:\/\/www.westzipfelregion.de\/verein\/wp-json\/wp\/v2\/pages\/2078\/revisions"}],"predecessor-version":[{"id":8453,"href":"https:\/\/www.westzipfelregion.de\/verein\/wp-json\/wp\/v2\/pages\/2078\/revisions\/8453"}],"up":[{"embeddable":true,"href":"https:\/\/www.westzipfelregion.de\/verein\/wp-json\/wp\/v2\/pages\/2076"}],"wp:attachment":[{"href":"https:\/\/www.westzipfelregion.de\/verein\/wp-json\/wp\/v2\/media?parent=2078"}],"curies":[{"name":"wp","href":"https:\/\/api.w.org\/{rel}","templated":true}]}}