{"id":1963,"date":"2018-12-04T12:46:29","date_gmt":"2018-12-04T11:46:29","guid":{"rendered":"https:\/\/www.westzipfelregion.de\/verein\/?page_id=1963"},"modified":"2021-07-06T14:40:18","modified_gmt":"2021-07-06T12:40:18","slug":"aktuelles","status":"publish","type":"page","link":"https:\/\/www.westzipfelregion.de\/verein\/der-verein\/aktuelles\/","title":{"rendered":"Aktuelles"},"content":{"rendered":"\t\t<div data-elementor-type=\"wp-post\" data-elementor-id=\"1963\" class=\"elementor elementor-1963 elementor-bc-flex-widget\" data-elementor-settings=\"[]\">\n\t\t\t\t\t\t<div class=\"elementor-inner\">\n\t\t\t\t\t\t\t<div class=\"elementor-section-wrap\">\n\t\t\t\t\t\t\t<section class=\"elementor-section elementor-top-section elementor-element elementor-element-5f5b1d38 elementor-section-boxed elementor-section-height-default elementor-section-height-default\" data-id=\"5f5b1d38\" data-element_type=\"section\">\n\t\t\t\t\t\t<div class=\"elementor-container elementor-column-gap-default\">\n\t\t\t\t\t\t\t<div class=\"elementor-row\">\n\t\t\t\t\t<div class=\"elementor-column elementor-col-66 elementor-top-column elementor-element elementor-element-712a944b\" data-id=\"712a944b\" data-element_type=\"column\">\n\t\t\t<div class=\"elementor-column-wrap elementor-element-populated\">\n\t\t\t\t\t\t\t<div class=\"elementor-widget-wrap\">\n\t\t\t\t\t\t<div class=\"elementor-element elementor-element-52e4b9a9 elementor-widget elementor-widget-heading\" data-id=\"52e4b9a9\" data-element_type=\"widget\" data-widget_type=\"heading.default\">\n\t\t\t\t<div class=\"elementor-widget-container\">\n\t\t\t<h2 class=\"elementor-heading-title elementor-size-default\">Aktuelles<\/h2>\t\t<\/div>\n\t\t\t\t<\/div>\n\t\t\t\t<div class=\"elementor-element elementor-element-4e4c8734 elementor-grid-1 elementor-grid-tablet-2 elementor-grid-mobile-1 elementor-posts--thumbnail-top elementor-widget elementor-widget-posts\" data-id=\"4e4c8734\" data-element_type=\"widget\" data-settings=\"{&quot;classic_columns&quot;:&quot;1&quot;,&quot;pagination_type&quot;:&quot;numbers&quot;,&quot;classic_columns_tablet&quot;:&quot;2&quot;,&quot;classic_columns_mobile&quot;:&quot;1&quot;,&quot;classic_row_gap&quot;:{&quot;unit&quot;:&quot;px&quot;,&quot;size&quot;:35,&quot;sizes&quot;:[]}}\" data-widget_type=\"posts.classic\">\n\t\t\t\t<div class=\"elementor-widget-container\">\n\t\t\t\t\t<div class=\"elementor-posts-container elementor-posts elementor-posts--skin-classic elementor-grid\">\n\t\t\t\t<article class=\"elementor-post elementor-grid-item post-8549 post type-post status-publish format-standard has-post-thumbnail hentry category-projekte-in-der-planung\">\n\t\t\t\t<a class=\"elementor-post__thumbnail__link\" href=\"https:\/\/www.westzipfelregion.de\/verein\/2026\/03\/25\/mehrgenerationenplatz-karken\/\" >\n\t\t\t<div class=\"elementor-post__thumbnail\"><img width=\"768\" height=\"1024\" src=\"https:\/\/www.westzipfelregion.de\/verein\/assets\/sites\/3\/2026\/03\/Mehrgenerationenplatz-Karken-768x1024.jpeg\" class=\"attachment-large size-large\" alt=\"\" loading=\"lazy\" srcset=\"https:\/\/www.westzipfelregion.de\/verein\/assets\/sites\/3\/2026\/03\/Mehrgenerationenplatz-Karken-768x1024.jpeg 768w, https:\/\/www.westzipfelregion.de\/verein\/assets\/sites\/3\/2026\/03\/Mehrgenerationenplatz-Karken-225x300.jpeg 225w, https:\/\/www.westzipfelregion.de\/verein\/assets\/sites\/3\/2026\/03\/Mehrgenerationenplatz-Karken-1152x1536.jpeg 1152w, https:\/\/www.westzipfelregion.de\/verein\/assets\/sites\/3\/2026\/03\/Mehrgenerationenplatz-Karken.jpeg 1200w\" sizes=\"(max-width: 768px) 100vw, 768px\" \/><\/div>\n\t\t<\/a>\n\t\t\t\t<div class=\"elementor-post__text\">\n\t\t\t\t<h3 class=\"elementor-post__title\">\n\t\t\t<a href=\"https:\/\/www.westzipfelregion.de\/verein\/2026\/03\/25\/mehrgenerationenplatz-karken\/\" >\n\t\t\t\tMehrgenerationenplatz Karken\t\t\t<\/a>\n\t\t<\/h3>\n\t\t\t\t<div class=\"elementor-post__meta-data\">\n\t\t\t\t\t<span class=\"elementor-post-date\">\n\t\t\t25. M\u00e4rz 2026\t\t<\/span>\n\t\t\t\t<\/div>\n\t\t\t\t<div class=\"elementor-post__excerpt\">\n\t\t\t<p>In Heinsberg-Karken wurde ein neuer Mehrgenerationenplatz geschaffen, der als gemeinsamer Treffpunkt f\u00fcr Menschen aller Altersgruppen dient.<\/p>\n\t\t<\/div>\n\t\t\t\t<\/div>\n\t\t\t\t<\/article>\n\t\t\t\t<article class=\"elementor-post elementor-grid-item post-8534 post type-post status-publish format-standard has-post-thumbnail hentry category-projekte-in-der-planung\">\n\t\t\t\t<a class=\"elementor-post__thumbnail__link\" href=\"https:\/\/www.westzipfelregion.de\/verein\/2026\/03\/25\/ausbau-des-dorfgemeinschaftshauses-oase-in-waldfeucht-obspringen-zum-soziokulturellen-mittelpunkt\/\" >\n\t\t\t<div class=\"elementor-post__thumbnail\"><img width=\"768\" height=\"1024\" src=\"https:\/\/www.westzipfelregion.de\/verein\/assets\/sites\/3\/2026\/03\/Oase-Obspringen-768x1024.jpg\" class=\"attachment-large size-large\" alt=\"\" loading=\"lazy\" srcset=\"https:\/\/www.westzipfelregion.de\/verein\/assets\/sites\/3\/2026\/03\/Oase-Obspringen-768x1024.jpg 768w, https:\/\/www.westzipfelregion.de\/verein\/assets\/sites\/3\/2026\/03\/Oase-Obspringen-225x300.jpg 225w, https:\/\/www.westzipfelregion.de\/verein\/assets\/sites\/3\/2026\/03\/Oase-Obspringen-1152x1536.jpg 1152w, https:\/\/www.westzipfelregion.de\/verein\/assets\/sites\/3\/2026\/03\/Oase-Obspringen-1536x2048.jpg 1536w, https:\/\/www.westzipfelregion.de\/verein\/assets\/sites\/3\/2026\/03\/Oase-Obspringen-scaled.jpg 1920w\" sizes=\"(max-width: 768px) 100vw, 768px\" \/><\/div>\n\t\t<\/a>\n\t\t\t\t<div class=\"elementor-post__text\">\n\t\t\t\t<h3 class=\"elementor-post__title\">\n\t\t\t<a href=\"https:\/\/www.westzipfelregion.de\/verein\/2026\/03\/25\/ausbau-des-dorfgemeinschaftshauses-oase-in-waldfeucht-obspringen-zum-soziokulturellen-mittelpunkt\/\" >\n\t\t\t\tAusbau des Dorfgemeinschaftshauses &#8222;Oase&#8220; in Waldfeucht-Obspringen zum soziokulturellen Mittelpunkt\t\t\t<\/a>\n\t\t<\/h3>\n\t\t\t\t<div class=\"elementor-post__meta-data\">\n\t\t\t\t\t<span class=\"elementor-post-date\">\n\t\t\t25. M\u00e4rz 2026\t\t<\/span>\n\t\t\t\t<\/div>\n\t\t\t\t<div class=\"elementor-post__excerpt\">\n\t\t\t<p>Das Dorfgemeinschaftshaus \u201eOase\u201c in Waldfeucht-Obspringen wurde umfassend modernisiert und zu einem soziokulturellen Mittelpunkt f\u00fcr die Gemeinde weiterentwickelt. <\/p>\n\t\t<\/div>\n\t\t\t\t<\/div>\n\t\t\t\t<\/article>\n\t\t\t\t<article class=\"elementor-post elementor-grid-item post-8524 post type-post status-publish format-standard has-post-thumbnail hentry category-projekte-in-der-planung\">\n\t\t\t\t<a class=\"elementor-post__thumbnail__link\" href=\"https:\/\/www.westzipfelregion.de\/verein\/2026\/03\/25\/multifunktionales-kleinspielfeld-in-schafhausen\/\" >\n\t\t\t<div class=\"elementor-post__thumbnail\"><img width=\"768\" height=\"1024\" src=\"https:\/\/www.westzipfelregion.de\/verein\/assets\/sites\/3\/2026\/03\/Kleinspielfeld-Schafhausen-768x1024.jpg\" class=\"attachment-large size-large\" alt=\"\" loading=\"lazy\" srcset=\"https:\/\/www.westzipfelregion.de\/verein\/assets\/sites\/3\/2026\/03\/Kleinspielfeld-Schafhausen-768x1024.jpg 768w, https:\/\/www.westzipfelregion.de\/verein\/assets\/sites\/3\/2026\/03\/Kleinspielfeld-Schafhausen-225x300.jpg 225w, https:\/\/www.westzipfelregion.de\/verein\/assets\/sites\/3\/2026\/03\/Kleinspielfeld-Schafhausen-1152x1536.jpg 1152w, https:\/\/www.westzipfelregion.de\/verein\/assets\/sites\/3\/2026\/03\/Kleinspielfeld-Schafhausen-1536x2048.jpg 1536w, https:\/\/www.westzipfelregion.de\/verein\/assets\/sites\/3\/2026\/03\/Kleinspielfeld-Schafhausen-scaled.jpg 1920w\" sizes=\"(max-width: 768px) 100vw, 768px\" \/><\/div>\n\t\t<\/a>\n\t\t\t\t<div class=\"elementor-post__text\">\n\t\t\t\t<h3 class=\"elementor-post__title\">\n\t\t\t<a href=\"https:\/\/www.westzipfelregion.de\/verein\/2026\/03\/25\/multifunktionales-kleinspielfeld-in-schafhausen\/\" >\n\t\t\t\tMultifunktionales Kleinspielfeld in Schafhausen\t\t\t<\/a>\n\t\t<\/h3>\n\t\t\t\t<div class=\"elementor-post__meta-data\">\n\t\t\t\t\t<span class=\"elementor-post-date\">\n\t\t\t25. M\u00e4rz 2026\t\t<\/span>\n\t\t\t\t<\/div>\n\t\t\t\t<div class=\"elementor-post__excerpt\">\n\t\t\t<p>Am Sportplatz \u201eIm Kuhlert\u201c in Heinsberg-Schafhausen wurde ein neuer multifunktionaler Soccer Court geschaffen, der das Freizeit- und Sportangebot im Ort deutlich erweitert. <\/p>\n\t\t<\/div>\n\t\t\t\t<\/div>\n\t\t\t\t<\/article>\n\t\t\t\t<article class=\"elementor-post elementor-grid-item post-8493 post type-post status-publish format-standard has-post-thumbnail hentry category-projekte-in-der-planung\">\n\t\t\t\t<a class=\"elementor-post__thumbnail__link\" href=\"https:\/\/www.westzipfelregion.de\/verein\/2026\/03\/25\/umgestaltung-des-bolzplatzes-in-heinsberg-porselen\/\" >\n\t\t\t<div class=\"elementor-post__thumbnail\"><img width=\"1024\" height=\"577\" src=\"https:\/\/www.westzipfelregion.de\/verein\/assets\/sites\/3\/2026\/03\/Bolzplatz-Porselen-1-1024x577.jpg\" class=\"attachment-large size-large\" alt=\"\" loading=\"lazy\" srcset=\"https:\/\/www.westzipfelregion.de\/verein\/assets\/sites\/3\/2026\/03\/Bolzplatz-Porselen-1-1024x577.jpg 1024w, https:\/\/www.westzipfelregion.de\/verein\/assets\/sites\/3\/2026\/03\/Bolzplatz-Porselen-1-300x169.jpg 300w, https:\/\/www.westzipfelregion.de\/verein\/assets\/sites\/3\/2026\/03\/Bolzplatz-Porselen-1-768x433.jpg 768w, https:\/\/www.westzipfelregion.de\/verein\/assets\/sites\/3\/2026\/03\/Bolzplatz-Porselen-1.jpg 1115w\" sizes=\"(max-width: 1024px) 100vw, 1024px\" \/><\/div>\n\t\t<\/a>\n\t\t\t\t<div class=\"elementor-post__text\">\n\t\t\t\t<h3 class=\"elementor-post__title\">\n\t\t\t<a href=\"https:\/\/www.westzipfelregion.de\/verein\/2026\/03\/25\/umgestaltung-des-bolzplatzes-in-heinsberg-porselen\/\" >\n\t\t\t\tUmgestaltung des Bolzplatzes in Heinsberg Porselen\t\t\t<\/a>\n\t\t<\/h3>\n\t\t\t\t<div class=\"elementor-post__meta-data\">\n\t\t\t\t\t<span class=\"elementor-post-date\">\n\t\t\t25. M\u00e4rz 2026\t\t<\/span>\n\t\t\t\t<\/div>\n\t\t\t\t<div class=\"elementor-post__excerpt\">\n\t\t\t<p>In Porselen wurde ein neues sportliches Freizeitangebot im Au\u00dfenbereich geschaffen, das Menschen aller Altersgruppen zu mehr Bewegung motivieren soll. <\/p>\n\t\t<\/div>\n\t\t\t\t<\/div>\n\t\t\t\t<\/article>\n\t\t\t\t<article class=\"elementor-post elementor-grid-item post-8461 post type-post status-publish format-standard has-post-thumbnail hentry category-projekte-in-der-planung\">\n\t\t\t\t<a class=\"elementor-post__thumbnail__link\" href=\"https:\/\/www.westzipfelregion.de\/verein\/2026\/03\/25\/lastwagen-fuer-die-versorgung-der-tafelkunden\/\" >\n\t\t\t<div class=\"elementor-post__thumbnail\"><img width=\"768\" height=\"1024\" src=\"https:\/\/www.westzipfelregion.de\/verein\/assets\/sites\/3\/2026\/03\/Lastwagen-Tafel-768x1024.jpeg\" class=\"attachment-large size-large\" alt=\"\" loading=\"lazy\" srcset=\"https:\/\/www.westzipfelregion.de\/verein\/assets\/sites\/3\/2026\/03\/Lastwagen-Tafel-768x1024.jpeg 768w, https:\/\/www.westzipfelregion.de\/verein\/assets\/sites\/3\/2026\/03\/Lastwagen-Tafel-225x300.jpeg 225w, https:\/\/www.westzipfelregion.de\/verein\/assets\/sites\/3\/2026\/03\/Lastwagen-Tafel-1152x1536.jpeg 1152w, https:\/\/www.westzipfelregion.de\/verein\/assets\/sites\/3\/2026\/03\/Lastwagen-Tafel.jpeg 1200w\" sizes=\"(max-width: 768px) 100vw, 768px\" \/><\/div>\n\t\t<\/a>\n\t\t\t\t<div class=\"elementor-post__text\">\n\t\t\t\t<h3 class=\"elementor-post__title\">\n\t\t\t<a href=\"https:\/\/www.westzipfelregion.de\/verein\/2026\/03\/25\/lastwagen-fuer-die-versorgung-der-tafelkunden\/\" >\n\t\t\t\tLastwagen f\u00fcr die Versorgung der Tafelkunden\t\t\t<\/a>\n\t\t<\/h3>\n\t\t\t\t<div class=\"elementor-post__meta-data\">\n\t\t\t\t\t<span class=\"elementor-post-date\">\n\t\t\t25. M\u00e4rz 2026\t\t<\/span>\n\t\t\t\t<\/div>\n\t\t\t\t<div class=\"elementor-post__excerpt\">\n\t\t\t<p>Mit dem Fahrzeug k\u00f6nnen Lebensmittelspenden bei Superm\u00e4rkten und weiteren Partnern besser abgeholt und anschlie\u00dfend an die Ausgabestellen verteilt werden. <\/p>\n\t\t<\/div>\n\t\t\t\t<\/div>\n\t\t\t\t<\/article>\n\t\t\t\t<article class=\"elementor-post elementor-grid-item post-8441 post type-post status-publish format-standard has-post-thumbnail hentry category-allgemein category-abgeschlossene-projekte\">\n\t\t\t\t<a class=\"elementor-post__thumbnail__link\" href=\"https:\/\/www.westzipfelregion.de\/verein\/2026\/02\/27\/ausstattung-vereinsheim-schafhausen\/\" >\n\t\t\t<div class=\"elementor-post__thumbnail\"><img width=\"1024\" height=\"768\" src=\"https:\/\/www.westzipfelregion.de\/verein\/assets\/sites\/3\/2026\/02\/IMG_0344-1024x768.jpg\" class=\"attachment-large size-large\" alt=\"\" loading=\"lazy\" srcset=\"https:\/\/www.westzipfelregion.de\/verein\/assets\/sites\/3\/2026\/02\/IMG_0344-1024x768.jpg 1024w, https:\/\/www.westzipfelregion.de\/verein\/assets\/sites\/3\/2026\/02\/IMG_0344-300x225.jpg 300w, https:\/\/www.westzipfelregion.de\/verein\/assets\/sites\/3\/2026\/02\/IMG_0344-768x576.jpg 768w, https:\/\/www.westzipfelregion.de\/verein\/assets\/sites\/3\/2026\/02\/IMG_0344-1536x1152.jpg 1536w, https:\/\/www.westzipfelregion.de\/verein\/assets\/sites\/3\/2026\/02\/IMG_0344-2048x1536.jpg 2048w\" sizes=\"(max-width: 1024px) 100vw, 1024px\" \/><\/div>\n\t\t<\/a>\n\t\t\t\t<div class=\"elementor-post__text\">\n\t\t\t\t<h3 class=\"elementor-post__title\">\n\t\t\t<a href=\"https:\/\/www.westzipfelregion.de\/verein\/2026\/02\/27\/ausstattung-vereinsheim-schafhausen\/\" >\n\t\t\t\tAusstattung Vereinsheim Schafhausen\t\t\t<\/a>\n\t\t<\/h3>\n\t\t\t\t<div class=\"elementor-post__meta-data\">\n\t\t\t\t\t<span class=\"elementor-post-date\">\n\t\t\t27. Februar 2026\t\t<\/span>\n\t\t\t\t<\/div>\n\t\t\t\t<div class=\"elementor-post__excerpt\">\n\t\t\t<p>Im Rahmen der Kleinprojektef\u00f6rderung 2025 konnte bereits wichtige Grundausstattung angeschafft werden.<\/p>\n\t\t<\/div>\n\t\t\t\t<\/div>\n\t\t\t\t<\/article>\n\t\t\t\t<article class=\"elementor-post elementor-grid-item post-8377 post type-post status-publish format-standard has-post-thumbnail hentry category-allgemein\">\n\t\t\t\t<a class=\"elementor-post__thumbnail__link\" href=\"https:\/\/www.westzipfelregion.de\/verein\/2026\/02\/13\/1-leader-projektaufruf-2026\/\" >\n\t\t\t<div class=\"elementor-post__thumbnail\"><img width=\"1024\" height=\"683\" src=\"https:\/\/www.westzipfelregion.de\/verein\/assets\/sites\/3\/2026\/02\/KI-Bild-Westzipfelregeion-mit-Logo-002-1-1024x683.png\" class=\"attachment-large size-large\" alt=\"\" loading=\"lazy\" srcset=\"https:\/\/www.westzipfelregion.de\/verein\/assets\/sites\/3\/2026\/02\/KI-Bild-Westzipfelregeion-mit-Logo-002-1-1024x683.png 1024w, https:\/\/www.westzipfelregion.de\/verein\/assets\/sites\/3\/2026\/02\/KI-Bild-Westzipfelregeion-mit-Logo-002-1-300x200.png 300w, https:\/\/www.westzipfelregion.de\/verein\/assets\/sites\/3\/2026\/02\/KI-Bild-Westzipfelregeion-mit-Logo-002-1-768x512.png 768w, https:\/\/www.westzipfelregion.de\/verein\/assets\/sites\/3\/2026\/02\/KI-Bild-Westzipfelregeion-mit-Logo-002-1.png 1536w\" sizes=\"(max-width: 1024px) 100vw, 1024px\" \/><\/div>\n\t\t<\/a>\n\t\t\t\t<div class=\"elementor-post__text\">\n\t\t\t\t<h3 class=\"elementor-post__title\">\n\t\t\t<a href=\"https:\/\/www.westzipfelregion.de\/verein\/2026\/02\/13\/1-leader-projektaufruf-2026\/\" >\n\t\t\t\t1. LEADER-Projektaufruf 2026\t\t\t<\/a>\n\t\t<\/h3>\n\t\t\t\t<div class=\"elementor-post__meta-data\">\n\t\t\t\t\t<span class=\"elementor-post-date\">\n\t\t\t13. Februar 2026\t\t<\/span>\n\t\t\t\t<\/div>\n\t\t\t\t<div class=\"elementor-post__excerpt\">\n\t\t\t<p>Wir starten einen neuen Aufruf zur Einreichung von Projektbewerbungen f\u00fcr die LEADER-F\u00f6rderung. Vom 12. Februar 2026 bis zum 30. April 2026 k\u00f6nnen Vorhaben eingereicht werden, die das Dorfleben st\u00e4rken, die regionale Infrastruktur verbessern oder neue Entwicklungsimpulse setzen.<\/p>\n\t\t<\/div>\n\t\t\t\t<\/div>\n\t\t\t\t<\/article>\n\t\t\t\t<article class=\"elementor-post elementor-grid-item post-8332 post type-post status-publish format-standard has-post-thumbnail hentry category-allgemein\">\n\t\t\t\t<a class=\"elementor-post__thumbnail__link\" href=\"https:\/\/www.westzipfelregion.de\/verein\/2025\/12\/05\/vorstellung-vorstand\/\" >\n\t\t\t<div class=\"elementor-post__thumbnail\"><img width=\"768\" height=\"1024\" src=\"https:\/\/www.westzipfelregion.de\/verein\/assets\/sites\/3\/2025\/12\/IMG_0375-768x1024.jpg\" class=\"attachment-large size-large\" alt=\"\" loading=\"lazy\" srcset=\"https:\/\/www.westzipfelregion.de\/verein\/assets\/sites\/3\/2025\/12\/IMG_0375-768x1024.jpg 768w, https:\/\/www.westzipfelregion.de\/verein\/assets\/sites\/3\/2025\/12\/IMG_0375-225x300.jpg 225w, https:\/\/www.westzipfelregion.de\/verein\/assets\/sites\/3\/2025\/12\/IMG_0375-1152x1536.jpg 1152w, https:\/\/www.westzipfelregion.de\/verein\/assets\/sites\/3\/2025\/12\/IMG_0375-1536x2048.jpg 1536w, https:\/\/www.westzipfelregion.de\/verein\/assets\/sites\/3\/2025\/12\/IMG_0375-scaled.jpg 1920w\" sizes=\"(max-width: 768px) 100vw, 768px\" \/><\/div>\n\t\t<\/a>\n\t\t\t\t<div class=\"elementor-post__text\">\n\t\t\t\t<h3 class=\"elementor-post__title\">\n\t\t\t<a href=\"https:\/\/www.westzipfelregion.de\/verein\/2025\/12\/05\/vorstellung-vorstand\/\" >\n\t\t\t\tVorstellung Vorstand\t\t\t<\/a>\n\t\t<\/h3>\n\t\t\t\t<div class=\"elementor-post__meta-data\">\n\t\t\t\t\t<span class=\"elementor-post-date\">\n\t\t\t5. Dezember 2025\t\t<\/span>\n\t\t\t\t<\/div>\n\t\t\t\t<div class=\"elementor-post__excerpt\">\n\t\t\t<p>Die LAG Westzipfelregion e.V. wird von einem engagierten Vorstandsteam geleitet, das sich mit viel Erfahrung, regionaler Verbundenheit und hoher Motivation f\u00fcr die nachhaltige Entwicklung unserer Region einsetzt.<\/p>\n\t\t<\/div>\n\t\t\t\t<\/div>\n\t\t\t\t<\/article>\n\t\t\t\t<article class=\"elementor-post elementor-grid-item post-8306 post type-post status-publish format-standard has-post-thumbnail hentry category-allgemein\">\n\t\t\t\t<a class=\"elementor-post__thumbnail__link\" href=\"https:\/\/www.westzipfelregion.de\/verein\/2025\/09\/18\/2-leader-projektaufruf-2025\/\" >\n\t\t\t<div class=\"elementor-post__thumbnail\"><img width=\"1024\" height=\"724\" src=\"https:\/\/www.westzipfelregion.de\/verein\/assets\/sites\/3\/2025\/09\/Kopie-von-LEADER-Foerderung-1-1024x724.png\" class=\"attachment-large size-large\" alt=\"\" loading=\"lazy\" srcset=\"https:\/\/www.westzipfelregion.de\/verein\/assets\/sites\/3\/2025\/09\/Kopie-von-LEADER-Foerderung-1-1024x724.png 1024w, https:\/\/www.westzipfelregion.de\/verein\/assets\/sites\/3\/2025\/09\/Kopie-von-LEADER-Foerderung-1-300x212.png 300w, https:\/\/www.westzipfelregion.de\/verein\/assets\/sites\/3\/2025\/09\/Kopie-von-LEADER-Foerderung-1-768x543.png 768w, https:\/\/www.westzipfelregion.de\/verein\/assets\/sites\/3\/2025\/09\/Kopie-von-LEADER-Foerderung-1-1536x1086.png 1536w, https:\/\/www.westzipfelregion.de\/verein\/assets\/sites\/3\/2025\/09\/Kopie-von-LEADER-Foerderung-1-2048x1448.png 2048w\" sizes=\"(max-width: 1024px) 100vw, 1024px\" \/><\/div>\n\t\t<\/a>\n\t\t\t\t<div class=\"elementor-post__text\">\n\t\t\t\t<h3 class=\"elementor-post__title\">\n\t\t\t<a href=\"https:\/\/www.westzipfelregion.de\/verein\/2025\/09\/18\/2-leader-projektaufruf-2025\/\" >\n\t\t\t\t2. LEADER Projektaufruf 2025\t\t\t<\/a>\n\t\t<\/h3>\n\t\t\t\t<div class=\"elementor-post__meta-data\">\n\t\t\t\t\t<span class=\"elementor-post-date\">\n\t\t\t18. September 2025\t\t<\/span>\n\t\t\t\t<\/div>\n\t\t\t\t<div class=\"elementor-post__excerpt\">\n\t\t\t<p>800.000 Euro F\u00f6rdermittel stehen bereit \u2013 verwirklichen Sie Ihre Idee mit LEADER! Haben Sie eine Idee, wie das Leben in Ihrer Gemeinde noch lebenswerter werden kann? M\u00f6chten Sie das Miteinander st\u00e4rken, ein Bildungs- oder Beratungsangebot schaffen, Kultur zug\u00e4nglicher machen oder sich f\u00fcr Natur und Umwelt einsetzen? Dann bietet die LEADER-F\u00f6rderung Ihnen genau die richtige M\u00f6glichkeit, Ihre Idee Wirklichkeit werden zu lassen. Das Regionalmanagement der LAG Westzipfelregion e.V. bietet Ihnen eine kostenlose Beratung und hilft Ihnen dabei, aus Ihrer Idee ein f\u00f6rderf\u00e4higes Projekt zu machen.&nbsp; Weitere Informationen zur F\u00f6rderung finden Sie auf der Homepage unter der Rubrik F\u00f6rderung. Finanziert wird LEADER durch den \u201eEurop\u00e4ischen Landwirtschaftsfonds f\u00fcr die Entwicklung des l\u00e4ndlichen Raums\u201c (ELER) sowie vom Bund, den L\u00e4ndern und Kommunen der Westzipfelregion.&nbsp;<\/p>\n\t\t<\/div>\n\t\t\t\t<\/div>\n\t\t\t\t<\/article>\n\t\t\t\t<article class=\"elementor-post elementor-grid-item post-8272 post type-post status-publish format-standard has-post-thumbnail hentry category-allgemein\">\n\t\t\t\t<a class=\"elementor-post__thumbnail__link\" href=\"https:\/\/www.westzipfelregion.de\/verein\/2025\/08\/01\/200-000e-foerderung-fuer-die-westzipfelregion\/\" >\n\t\t\t<div class=\"elementor-post__thumbnail\"><img width=\"1024\" height=\"724\" src=\"https:\/\/www.westzipfelregion.de\/verein\/assets\/sites\/3\/2025\/08\/Bild-Foerderaufruf-Kleinprojekte-2025-Querformat-1024x724.jpg\" class=\"attachment-large size-large\" alt=\"\" loading=\"lazy\" srcset=\"https:\/\/www.westzipfelregion.de\/verein\/assets\/sites\/3\/2025\/08\/Bild-Foerderaufruf-Kleinprojekte-2025-Querformat-1024x724.jpg 1024w, https:\/\/www.westzipfelregion.de\/verein\/assets\/sites\/3\/2025\/08\/Bild-Foerderaufruf-Kleinprojekte-2025-Querformat-300x212.jpg 300w, https:\/\/www.westzipfelregion.de\/verein\/assets\/sites\/3\/2025\/08\/Bild-Foerderaufruf-Kleinprojekte-2025-Querformat-768x543.jpg 768w, https:\/\/www.westzipfelregion.de\/verein\/assets\/sites\/3\/2025\/08\/Bild-Foerderaufruf-Kleinprojekte-2025-Querformat-1536x1086.jpg 1536w, https:\/\/www.westzipfelregion.de\/verein\/assets\/sites\/3\/2025\/08\/Bild-Foerderaufruf-Kleinprojekte-2025-Querformat-2048x1448.jpg 2048w\" sizes=\"(max-width: 1024px) 100vw, 1024px\" \/><\/div>\n\t\t<\/a>\n\t\t\t\t<div class=\"elementor-post__text\">\n\t\t\t\t<h3 class=\"elementor-post__title\">\n\t\t\t<a href=\"https:\/\/www.westzipfelregion.de\/verein\/2025\/08\/01\/200-000e-foerderung-fuer-die-westzipfelregion\/\" >\n\t\t\t\t200.000\u20ac F\u00f6rderung f\u00fcr die Westzipfelregion!\t\t\t<\/a>\n\t\t<\/h3>\n\t\t\t\t<div class=\"elementor-post__meta-data\">\n\t\t\t\t\t<span class=\"elementor-post-date\">\n\t\t\t1. August 2025\t\t<\/span>\n\t\t\t\t<\/div>\n\t\t\t\t<div class=\"elementor-post__excerpt\">\n\t\t\t<p>Die Lenkungsgruppe hat am 23. Juni 2025 alle Bewerbungen nach vorgegebenen Kriterien bewertet &#8211; 20 Projekte k\u00f6nnen in der Westzipfelregion umgesetzt werden.<\/p>\n\t\t<\/div>\n\t\t\t\t<\/div>\n\t\t\t\t<\/article>\n\t\t\t\t<\/div>\n\n\n\t\t\n\t\t\t\t<div class=\"e-load-more-anchor\" data-page=\"1\" data-max-page=\"21\"><\/div>\n\t\t\t\t<nav class=\"elementor-pagination\" role=\"navigation\" aria-label=\"Paginierung\">\n\t\t\t<span aria-current=\"page\" class=\"page-numbers current\"><span class=\"elementor-screen-only\">Seite<\/span>1<\/span>\n<a class=\"page-numbers\" href=\"https:\/\/www.westzipfelregion.de\/verein\/wp-json\/wp\/v2\/pages\/1963\/page\/2\/\"><span class=\"elementor-screen-only\">Seite<\/span>2<\/a>\n<a class=\"page-numbers\" href=\"https:\/\/www.westzipfelregion.de\/verein\/wp-json\/wp\/v2\/pages\/1963\/page\/3\/\"><span class=\"elementor-screen-only\">Seite<\/span>3<\/a>\n<span class=\"page-numbers dots\">&hellip;<\/span>\n<a class=\"page-numbers\" href=\"https:\/\/www.westzipfelregion.de\/verein\/wp-json\/wp\/v2\/pages\/1963\/page\/21\/\"><span class=\"elementor-screen-only\">Seite<\/span>21<\/a>\t\t<\/nav>\n\t\t\t\t<\/div>\n\t\t\t\t<\/div>\n\t\t\t\t\t\t<\/div>\n\t\t\t\t\t<\/div>\n\t\t<\/div>\n\t\t\t\t<div class=\"elementor-column elementor-col-33 elementor-top-column elementor-element elementor-element-5e6f4a1e\" data-id=\"5e6f4a1e\" data-element_type=\"column\">\n\t\t\t<div class=\"elementor-column-wrap elementor-element-populated\">\n\t\t\t\t\t\t\t<div class=\"elementor-widget-wrap\">\n\t\t\t\t\t\t<div class=\"elementor-element elementor-element-7a1710ba elementor-widget elementor-widget-wp-widget-calendar\" data-id=\"7a1710ba\" data-element_type=\"widget\" data-widget_type=\"wp-widget-calendar.default\">\n\t\t\t\t<div class=\"elementor-widget-container\">\n\t\t\t<div id=\"calendar_wrap\" class=\"calendar_wrap\"><table id=\"wp-calendar\" class=\"wp-calendar-table\">\n\t<caption>April 2026<\/caption>\n\t<thead>\n\t<tr>\n\t\t<th scope=\"col\" title=\"Montag\">M<\/th>\n\t\t<th scope=\"col\" title=\"Dienstag\">D<\/th>\n\t\t<th scope=\"col\" title=\"Mittwoch\">M<\/th>\n\t\t<th scope=\"col\" title=\"Donnerstag\">D<\/th>\n\t\t<th scope=\"col\" title=\"Freitag\">F<\/th>\n\t\t<th scope=\"col\" title=\"Samstag\">S<\/th>\n\t\t<th scope=\"col\" title=\"Sonntag\">S<\/th>\n\t<\/tr>\n\t<\/thead>\n\t<tbody>\n\t<tr>\n\t\t<td colspan=\"2\" class=\"pad\">&nbsp;<\/td><td>1<\/td><td>2<\/td><td>3<\/td><td>4<\/td><td>5<\/td>\n\t<\/tr>\n\t<tr>\n\t\t<td id=\"today\">6<\/td><td>7<\/td><td>8<\/td><td>9<\/td><td>10<\/td><td>11<\/td><td>12<\/td>\n\t<\/tr>\n\t<tr>\n\t\t<td>13<\/td><td>14<\/td><td>15<\/td><td>16<\/td><td>17<\/td><td>18<\/td><td>19<\/td>\n\t<\/tr>\n\t<tr>\n\t\t<td>20<\/td><td>21<\/td><td>22<\/td><td>23<\/td><td>24<\/td><td>25<\/td><td>26<\/td>\n\t<\/tr>\n\t<tr>\n\t\t<td>27<\/td><td>28<\/td><td>29<\/td><td>30<\/td>\n\t\t<td class=\"pad\" colspan=\"3\">&nbsp;<\/td>\n\t<\/tr>\n\t<\/tbody>\n\t<\/table><nav aria-label=\"Vorherige und n\u00e4chste Monate\" class=\"wp-calendar-nav\">\n\t\t<span class=\"wp-calendar-nav-prev\"><a href=\"https:\/\/www.westzipfelregion.de\/verein\/2026\/03\/\">&laquo; M\u00e4rz<\/a><\/span>\n\t\t<span class=\"pad\">&nbsp;<\/span>\n\t\t<span class=\"wp-calendar-nav-next\">&nbsp;<\/span>\n\t<\/nav><\/div>\t\t<\/div>\n\t\t\t\t<\/div>\n\t\t\t\t\t\t<\/div>\n\t\t\t\t\t<\/div>\n\t\t<\/div>\n\t\t\t\t\t\t\t\t<\/div>\n\t\t\t\t\t<\/div>\n\t\t<\/section>\n\t\t\t\t\t\t<\/div>\n\t\t\t\t\t\t<\/div>\n\t\t\t\t\t<\/div>\n\t\t","protected":false},"excerpt":{"rendered":"<p>Aktuelles<\/p>\n","protected":false},"author":3,"featured_media":0,"parent":1924,"menu_order":0,"comment_status":"closed","ping_status":"closed","template":"","meta":{"site-sidebar-layout":"no-sidebar","site-content-layout":"page-builder","ast-main-header-display":"","ast-hfb-above-header-display":"","ast-hfb-mobile-header-display":"","site-post-title":"disabled","ast-breadcrumbs-content":"","ast-featured-img":"disabled","footer-sml-layout":"","theme-transparent-header-meta":"","adv-header-id-meta":"","stick-header-meta":"","header-above-stick-meta":"","header-main-stick-meta":"","header-below-stick-meta":""},"_links":{"self":[{"href":"https:\/\/www.westzipfelregion.de\/verein\/wp-json\/wp\/v2\/pages\/1963"}],"collection":[{"href":"https:\/\/www.westzipfelregion.de\/verein\/wp-json\/wp\/v2\/pages"}],"about":[{"href":"https:\/\/www.westzipfelregion.de\/verein\/wp-json\/wp\/v2\/types\/page"}],"author":[{"embeddable":true,"href":"https:\/\/www.westzipfelregion.de\/verein\/wp-json\/wp\/v2\/users\/3"}],"replies":[{"embeddable":true,"href":"https:\/\/www.westzipfelregion.de\/verein\/wp-json\/wp\/v2\/comments?post=1963"}],"version-history":[{"count":9,"href":"https:\/\/www.westzipfelregion.de\/verein\/wp-json\/wp\/v2\/pages\/1963\/revisions"}],"predecessor-version":[{"id":4560,"href":"https:\/\/www.westzipfelregion.de\/verein\/wp-json\/wp\/v2\/pages\/1963\/revisions\/4560"}],"up":[{"embeddable":true,"href":"https:\/\/www.westzipfelregion.de\/verein\/wp-json\/wp\/v2\/pages\/1924"}],"wp:attachment":[{"href":"https:\/\/www.westzipfelregion.de\/verein\/wp-json\/wp\/v2\/media?parent=1963"}],"curies":[{"name":"wp","href":"https:\/\/api.w.org\/{rel}","templated":true}]}}