{"id":1941,"date":"2018-12-04T12:42:01","date_gmt":"2018-12-04T11:42:01","guid":{"rendered":"https:\/\/www.westzipfelregion.de\/verein\/?page_id=1941"},"modified":"2026-03-25T13:06:29","modified_gmt":"2026-03-25T12:06:29","slug":"vorstand","status":"publish","type":"page","link":"https:\/\/www.westzipfelregion.de\/verein\/der-verein\/vorstand\/","title":{"rendered":"Vorstand"},"content":{"rendered":"\t\t<div data-elementor-type=\"wp-post\" data-elementor-id=\"1941\" class=\"elementor elementor-1941\" data-elementor-settings=\"[]\">\n\t\t\t\t\t\t<div class=\"elementor-inner\">\n\t\t\t\t\t\t\t<div class=\"elementor-section-wrap\">\n\t\t\t\t\t\t\t<section class=\"elementor-section elementor-top-section elementor-element elementor-element-3b945a1e elementor-section-boxed elementor-section-height-default elementor-section-height-default\" data-id=\"3b945a1e\" data-element_type=\"section\">\n\t\t\t\t\t\t<div class=\"elementor-container elementor-column-gap-default\">\n\t\t\t\t\t\t\t<div class=\"elementor-row\">\n\t\t\t\t\t<div class=\"elementor-column elementor-col-100 elementor-top-column elementor-element elementor-element-7f81ab99\" data-id=\"7f81ab99\" data-element_type=\"column\">\n\t\t\t<div class=\"elementor-column-wrap elementor-element-populated\">\n\t\t\t\t\t\t\t<div class=\"elementor-widget-wrap\">\n\t\t\t\t\t\t<div class=\"elementor-element elementor-element-4ba61fa0 elementor-widget elementor-widget-heading\" data-id=\"4ba61fa0\" data-element_type=\"widget\" data-widget_type=\"heading.default\">\n\t\t\t\t<div class=\"elementor-widget-container\">\n\t\t\t<h2 class=\"elementor-heading-title elementor-size-default\">Vorstand<\/h2>\t\t<\/div>\n\t\t\t\t<\/div>\n\t\t\t\t<div class=\"elementor-element elementor-element-8e78a5c elementor-widget elementor-widget-text-editor\" data-id=\"8e78a5c\" data-element_type=\"widget\" data-widget_type=\"text-editor.default\">\n\t\t\t\t<div class=\"elementor-widget-container\">\n\t\t\t\t\t\t\t\t<div class=\"elementor-text-editor elementor-clearfix\">\n\t\t\t\t<p>Der Vorstand der LAG\u00a0 Westzipfelregion e. V.\u00a0 besteht aus insgesamt neun Personen, wovon vier Mitglieder die B\u00fcrgermeister der Westzipfelkommunen sind. Weitere f\u00fcnf Mitglieder werden von der Mitgliederversammlung gew\u00e4hlt.<\/p><p>Mit dem Beschluss der Mitgliederversammlung im M\u00e4rz 2025 setzt sich der Vorstand des Vereins wie folgt zusammen:<\/p><ul><li><span style=\"font-size: 16px;font-style: normal;font-weight: 400\">B\u00fcrgermeister Kai Louis<\/span>\u00a0(1. Vorsitzender)<\/li><li style=\"font-size: 16px\">B\u00fcrgermeister Guido Willems (1. stellv. Vorsitzender)<\/li><li style=\"font-size: 16px\">B\u00fcrgermeister Gerard K\u00fcsters (2. stellv. Vorsitzender)<\/li><li>B\u00fcrgermeister Marcell Breuer<\/li><li>Dorothea Blohm<\/li><li>Anton Boden<\/li><li>Wilhelm Krebs<\/li><li>Hans-Georg Minkenberg<\/li><li>Sebastian Walde<\/li><\/ul><p>Die Aufgaben des Vorstands k\u00f6nnen Sie der <a href=\"https:\/\/www.westzipfelregion.de\/verein\/assets\/sites\/3\/2023\/01\/Satzung-LAG-Westzipfelregion-e.V.-Fassung-22.11.2022.pdf\" target=\"_blank\" rel=\"noopener\">Satzung<\/a> des Vereins LAG Westzipfelregion e.V. entnehmen.<\/p>\t\t\t\t\t<\/div>\n\t\t\t\t\t\t<\/div>\n\t\t\t\t<\/div>\n\t\t\t\t<div class=\"elementor-element elementor-element-2a695e0 elementor-widget elementor-widget-text-editor\" data-id=\"2a695e0\" data-element_type=\"widget\" data-widget_type=\"text-editor.default\">\n\t\t\t\t<div class=\"elementor-widget-container\">\n\t\t\t\t\t\t\t\t<div class=\"elementor-text-editor elementor-clearfix\">\n\t\t\t\t\t\t\t\t\t<\/div>\n\t\t\t\t\t\t<\/div>\n\t\t\t\t<\/div>\n\t\t\t\t\t\t<\/div>\n\t\t\t\t\t<\/div>\n\t\t<\/div>\n\t\t\t\t\t\t\t\t<\/div>\n\t\t\t\t\t<\/div>\n\t\t<\/section>\n\t\t\t\t\t\t<\/div>\n\t\t\t\t\t\t<\/div>\n\t\t\t\t\t<\/div>\n\t\t","protected":false},"excerpt":{"rendered":"<p>Vorstand Der Vorstand der LAG\u00a0 Westzipfelregion e. V.\u00a0 besteht aus insgesamt neun Personen, wovon vier Mitglieder die B\u00fcrgermeister der Westzipfelkommunen sind. Weitere f\u00fcnf Mitglieder werden von der Mitgliederversammlung gew\u00e4hlt. Mit dem Beschluss der Mitgliederversammlung im M\u00e4rz 2025 setzt sich der Vorstand des Vereins wie folgt zusammen: B\u00fcrgermeister Kai Louis\u00a0(1. Vorsitzender) B\u00fcrgermeister Guido Willems (1. stellv. &hellip;<\/p>\n<p class=\"read-more\"> <a class=\"\" href=\"https:\/\/www.westzipfelregion.de\/verein\/der-verein\/vorstand\/\"> <span class=\"screen-reader-text\">Vorstand<\/span> Weiterlesen &raquo;<\/a><\/p>\n","protected":false},"author":3,"featured_media":0,"parent":1924,"menu_order":0,"comment_status":"closed","ping_status":"closed","template":"","meta":{"site-sidebar-layout":"no-sidebar","site-content-layout":"page-builder","ast-main-header-display":"","ast-hfb-above-header-display":"","ast-hfb-mobile-header-display":"","site-post-title":"disabled","ast-breadcrumbs-content":"","ast-featured-img":"disabled","footer-sml-layout":"","theme-transparent-header-meta":"","adv-header-id-meta":"","stick-header-meta":"","header-above-stick-meta":"","header-main-stick-meta":"","header-below-stick-meta":""},"_links":{"self":[{"href":"https:\/\/www.westzipfelregion.de\/verein\/wp-json\/wp\/v2\/pages\/1941"}],"collection":[{"href":"https:\/\/www.westzipfelregion.de\/verein\/wp-json\/wp\/v2\/pages"}],"about":[{"href":"https:\/\/www.westzipfelregion.de\/verein\/wp-json\/wp\/v2\/types\/page"}],"author":[{"embeddable":true,"href":"https:\/\/www.westzipfelregion.de\/verein\/wp-json\/wp\/v2\/users\/3"}],"replies":[{"embeddable":true,"href":"https:\/\/www.westzipfelregion.de\/verein\/wp-json\/wp\/v2\/comments?post=1941"}],"version-history":[{"count":57,"href":"https:\/\/www.westzipfelregion.de\/verein\/wp-json\/wp\/v2\/pages\/1941\/revisions"}],"predecessor-version":[{"id":8522,"href":"https:\/\/www.westzipfelregion.de\/verein\/wp-json\/wp\/v2\/pages\/1941\/revisions\/8522"}],"up":[{"embeddable":true,"href":"https:\/\/www.westzipfelregion.de\/verein\/wp-json\/wp\/v2\/pages\/1924"}],"wp:attachment":[{"href":"https:\/\/www.westzipfelregion.de\/verein\/wp-json\/wp\/v2\/media?parent=1941"}],"curies":[{"name":"wp","href":"https:\/\/api.w.org\/{rel}","templated":true}]}}